{"id":367,"date":"2025-09-27T11:18:21","date_gmt":"2025-09-27T09:18:21","guid":{"rendered":"https:\/\/m-l-services.fr\/?page_id=367"},"modified":"2026-01-30T19:50:28","modified_gmt":"2026-01-30T18:50:28","slug":"controle-periodique-des-materiels-de-manutention-levage-et-btp","status":"publish","type":"page","link":"https:\/\/m-l-services.fr\/index.php\/controle-periodique-des-materiels-de-manutention-levage-et-btp\/","title":{"rendered":"Visite de contr\u00f4le p\u00e9riodique des mat\u00e9riels de manutention, levage et BTP"},"content":{"rendered":"\n<p><\/p>\n\n\n\n<hr class=\"wp-block-separator has-alpha-channel-opacity\"\/>\n\n\n\n<h2 class=\"wp-block-heading\">Assurer la s\u00e9curit\u00e9, la conformit\u00e9 et la performance de vos \u00e9quipements<\/h2>\n\n\n\n<p><\/p>\n\n\n\n<p><\/p>\n\n\n\n<div class=\"wp-block-buttons is-content-justification-center is-layout-flex wp-container-core-buttons-is-layout-16018d1d wp-block-buttons-is-layout-flex\">\n<div class=\"wp-block-button\"><a class=\"wp-block-button__link wp-element-button\" href=\"https:\/\/m-l-services.fr\/index.php\/nous-contacter\/\">Contactez-nous<\/a><\/div>\n<\/div>\n\n\n\n<hr class=\"wp-block-separator has-alpha-channel-opacity\"\/>\n\n\n\n<p><\/p>\n\n\n\n<h3 class=\"wp-block-heading\">Notre offre de contr\u00f4le p\u00e9riodique (VGP)<\/h3>\n\n\n\n<p class=\"has-black-color has-text-color has-link-color wp-elements-c9d4eacf50ef2c9a52b7def817fbcb79\">Chez <strong>ML Services<\/strong>, nous intervenons pour r\u00e9aliser les <strong>v\u00e9rifications p\u00e9riodiques<\/strong> de vos \u00e9quipements de levage, manutention et BTP, selon les normes en vigueur.<\/p>\n\n\n\n<p class=\"has-black-color has-text-color has-link-color wp-elements-07c81c9d5c8878a0b2a1f884bc8aad8b\">Toutes marques (Fenwick, Toyota, Manitou, Haulotte, Kubota, Ausa, etc.), tous type de mat\u00e9riel de manutention et de levage(chariot \u00e9l\u00e9vateur, nacelle, mini-pelle, dumper, etc.), ainsi que BTP.<\/p>\n\n\n\n<p><\/p>\n\n\n\n<p>Voici ce que cela comprend :<\/p>\n\n\n\n<ol class=\"wp-block-list\">\n<li><strong>Examen de l\u2019\u00e9tat de conservation<\/strong><br>Inspection visuelle approfondie pour identifier fissures, corrosion, usure, d\u00e9formation sur les organes critiques : c\u00e2bles, cha\u00eenes, crochets, dispositifs de s\u00e9curit\u00e9, articulations, soudures, etc. <br><\/li>\n\n\n\n<li><strong>Essais fonctionnels et \u00e9preuves<\/strong><br>Contr\u00f4les sous charge ou \u00e0 vide selon les cas : fonctionnement des freins, mouvements de levage, limiteurs de charge, essais statiques\/dynamiques selon les prescriptions constructeur ou r\u00e9glementation.<br><\/li>\n\n\n\n<li><strong>Contr\u00f4le de conformit\u00e9 r\u00e9glementaire<\/strong><br>V\u00e9rification des documents (manuel, carnet de maintenance, certificats ant\u00e9rieurs), conformit\u00e9 aux normes, identification des anomalies critiques.<br><\/li>\n\n\n\n<li><strong>Rapport d\u00e9taill\u00e9 et certification<\/strong><br>\u00c0 l\u2019issue de l\u2019intervention, nous fournissons un rapport complet pr\u00e9cisant les contr\u00f4les effectu\u00e9s, observations, \u00e9ventuelles recommandations ou interventions correctives n\u00e9cessaires. Une <strong>plaque de contr\u00f4le<\/strong> peut \u00eatre appos\u00e9e pour certifier la date du contr\u00f4le.<br><\/li>\n\n\n\n<li><strong>Suivi et rappel de contr\u00f4le<\/strong><br>Nous assurons un suivi de vos \u00e9ch\u00e9ances, avec rappel anticip\u00e9 des prochaines dates de v\u00e9rification pour \u00e9viter toute omission.<\/li>\n<\/ol>\n\n\n\n<p><\/p>\n\n\n\n<div class=\"wp-block-buttons is-content-justification-center is-layout-flex wp-container-core-buttons-is-layout-16018d1d wp-block-buttons-is-layout-flex\">\n<div class=\"wp-block-button\"><a class=\"wp-block-button__link has-text-align-center wp-element-button\" href=\"https:\/\/m-l-services.fr\/index.php\/nous-contacter\/\">Contactez-nous<\/a><\/div>\n<\/div>\n\n\n\n<p><\/p>\n\n\n\n<h3 class=\"wp-block-heading\">Pourquoi faire un contr\u00f4le p\u00e9riodique ?<\/h3>\n\n\n\n<ul class=\"wp-block-list\">\n<li>Le contr\u00f4le r\u00e9glementaire des appareils de levage, de manutention et des engins de BTP est une <strong>obligation l\u00e9gale<\/strong> pour toute entreprise utilisatrice. (arr\u00eat\u00e9 du 1\u1d49\u02b3 mars 2004, article R.4323-23 et suivants) <\/li>\n<\/ul>\n\n\n\n<p><\/p>\n\n\n\n<ul class=\"wp-block-list\">\n<li>Il vise \u00e0 d\u00e9tecter \u00e0 temps toute d\u00e9t\u00e9rioration, usure ou d\u00e9faut pouvant entra\u00eener un risque pour les op\u00e9rateurs, les biens ou l\u2019environnement.<\/li>\n<\/ul>\n\n\n\n<p><\/p>\n\n\n\n<ul class=\"wp-block-list\">\n<li>En cas d\u2019accident ou de contr\u00f4le administratif, disposer de rapports d\u2019inspection \u00e0 jour est indispensable pour respecter vos obligations, notamment vis-\u00e0-vis de l\u2019Inspection du travail ou des assurances.<\/li>\n<\/ul>\n\n\n\n<hr class=\"wp-block-separator has-alpha-channel-opacity\"\/>\n","protected":false},"excerpt":{"rendered":"<p>Assurer la s\u00e9curit\u00e9, la conformit\u00e9 et la performance de vos \u00e9quipements Notre offre de contr\u00f4le p\u00e9riodique (VGP) Chez ML Services, nous intervenons pour r\u00e9aliser les v\u00e9rifications p\u00e9riodiques de vos \u00e9quipements de levage, manutention et BTP, selon les normes en vigueur. Toutes marques (Fenwick, Toyota, Manitou, Haulotte, Kubota, Ausa, etc.), tous type de mat\u00e9riel de manutention [&hellip;]<\/p>\n","protected":false},"author":2,"featured_media":400,"parent":0,"menu_order":0,"comment_status":"closed","ping_status":"closed","template":"","meta":{"footnotes":""},"class_list":["post-367","page","type-page","status-publish","has-post-thumbnail","hentry"],"yoast_head":"<!-- This site is optimized with the Yoast SEO plugin v22.8 - https:\/\/yoast.com\/wordpress\/plugins\/seo\/ -->\n<title>Visite de contr\u00f4le p\u00e9riodique des mat\u00e9riels de manutention, levage et BTP - MLServices<\/title>\n<meta name=\"description\" content=\"ML Services : contr\u00f4les p\u00e9riodiques des mat\u00e9riels de manutention, levage et BTP selon normes en vigueur. Inspections visuelles, essais fonctionnels, rapport d\u00e9taill\u00e9, certification et suivi r\u00e9glementaire pour votre s\u00e9curit\u00e9 et conformit\u00e9 l\u00e9gale.\" \/>\n<meta name=\"robots\" content=\"index, follow, max-snippet:-1, max-image-preview:large, max-video-preview:-1\" \/>\n<link rel=\"canonical\" href=\"https:\/\/m-l-services.fr\/index.php\/controle-periodique-des-materiels-de-manutention-levage-et-btp\/\" \/>\n<meta property=\"og:locale\" content=\"en_US\" \/>\n<meta property=\"og:type\" content=\"article\" \/>\n<meta property=\"og:title\" content=\"Visite de contr\u00f4le p\u00e9riodique des mat\u00e9riels de manutention, levage et BTP - MLServices\" \/>\n<meta property=\"og:description\" content=\"ML Services : contr\u00f4les p\u00e9riodiques des mat\u00e9riels de manutention, levage et BTP selon normes en vigueur. Inspections visuelles, essais fonctionnels, rapport d\u00e9taill\u00e9, certification et suivi r\u00e9glementaire pour votre s\u00e9curit\u00e9 et conformit\u00e9 l\u00e9gale.\" \/>\n<meta property=\"og:url\" content=\"https:\/\/m-l-services.fr\/index.php\/controle-periodique-des-materiels-de-manutention-levage-et-btp\/\" \/>\n<meta property=\"og:site_name\" content=\"MLServices\" \/>\n<meta property=\"article:modified_time\" content=\"2026-01-30T18:50:28+00:00\" \/>\n<meta property=\"og:image\" content=\"http:\/\/m-l-services.fr\/wp-content\/uploads\/2025\/09\/Visites-Periodiques-1.jpg\" \/>\n\t<meta property=\"og:image:width\" content=\"1711\" \/>\n\t<meta property=\"og:image:height\" content=\"448\" \/>\n\t<meta property=\"og:image:type\" content=\"image\/jpeg\" \/>\n<meta name=\"twitter:card\" content=\"summary_large_image\" \/>\n<meta name=\"twitter:label1\" content=\"Est. reading time\" \/>\n\t<meta name=\"twitter:data1\" content=\"2 minutes\" \/>\n<script type=\"application\/ld+json\" class=\"yoast-schema-graph\">{\"@context\":\"https:\/\/schema.org\",\"@graph\":[{\"@type\":\"WebPage\",\"@id\":\"https:\/\/m-l-services.fr\/index.php\/controle-periodique-des-materiels-de-manutention-levage-et-btp\/\",\"url\":\"https:\/\/m-l-services.fr\/index.php\/controle-periodique-des-materiels-de-manutention-levage-et-btp\/\",\"name\":\"Visite de contr\u00f4le p\u00e9riodique des mat\u00e9riels de manutention, levage et BTP - MLServices\",\"isPartOf\":{\"@id\":\"http:\/\/m-l-services.fr\/#website\"},\"primaryImageOfPage\":{\"@id\":\"https:\/\/m-l-services.fr\/index.php\/controle-periodique-des-materiels-de-manutention-levage-et-btp\/#primaryimage\"},\"image\":{\"@id\":\"https:\/\/m-l-services.fr\/index.php\/controle-periodique-des-materiels-de-manutention-levage-et-btp\/#primaryimage\"},\"thumbnailUrl\":\"https:\/\/m-l-services.fr\/wp-content\/uploads\/2025\/09\/Visites-Periodiques-1.jpg\",\"datePublished\":\"2025-09-27T09:18:21+00:00\",\"dateModified\":\"2026-01-30T18:50:28+00:00\",\"description\":\"ML Services : contr\u00f4les p\u00e9riodiques des mat\u00e9riels de manutention, levage et BTP selon normes en vigueur. Inspections visuelles, essais fonctionnels, rapport d\u00e9taill\u00e9, certification et suivi r\u00e9glementaire pour votre s\u00e9curit\u00e9 et conformit\u00e9 l\u00e9gale.\",\"breadcrumb\":{\"@id\":\"https:\/\/m-l-services.fr\/index.php\/controle-periodique-des-materiels-de-manutention-levage-et-btp\/#breadcrumb\"},\"inLanguage\":\"en-US\",\"potentialAction\":[{\"@type\":\"ReadAction\",\"target\":[\"https:\/\/m-l-services.fr\/index.php\/controle-periodique-des-materiels-de-manutention-levage-et-btp\/\"]}]},{\"@type\":\"ImageObject\",\"inLanguage\":\"en-US\",\"@id\":\"https:\/\/m-l-services.fr\/index.php\/controle-periodique-des-materiels-de-manutention-levage-et-btp\/#primaryimage\",\"url\":\"https:\/\/m-l-services.fr\/wp-content\/uploads\/2025\/09\/Visites-Periodiques-1.jpg\",\"contentUrl\":\"https:\/\/m-l-services.fr\/wp-content\/uploads\/2025\/09\/Visites-Periodiques-1.jpg\",\"width\":1711,\"height\":448,\"caption\":\"Contr\u00f4le visites p\u00e9riodiques en Sarthe et dans le Perche\"},{\"@type\":\"BreadcrumbList\",\"@id\":\"https:\/\/m-l-services.fr\/index.php\/controle-periodique-des-materiels-de-manutention-levage-et-btp\/#breadcrumb\",\"itemListElement\":[{\"@type\":\"ListItem\",\"position\":1,\"name\":\"Accueil\",\"item\":\"https:\/\/m-l-services.fr\/\"},{\"@type\":\"ListItem\",\"position\":2,\"name\":\"Visite de contr\u00f4le p\u00e9riodique des mat\u00e9riels de manutention, levage et BTP\"}]},{\"@type\":\"WebSite\",\"@id\":\"http:\/\/m-l-services.fr\/#website\",\"url\":\"http:\/\/m-l-services.fr\/\",\"name\":\"MLServices\",\"description\":\"R\u00e9activit\u00e9 assur\u00e9e, services ma\u00eetris\u00e9s\",\"publisher\":{\"@id\":\"http:\/\/m-l-services.fr\/#organization\"},\"potentialAction\":[{\"@type\":\"SearchAction\",\"target\":{\"@type\":\"EntryPoint\",\"urlTemplate\":\"http:\/\/m-l-services.fr\/?s={search_term_string}\"},\"query-input\":\"required name=search_term_string\"}],\"inLanguage\":\"en-US\"},{\"@type\":\"Organization\",\"@id\":\"http:\/\/m-l-services.fr\/#organization\",\"name\":\"MLServices\",\"url\":\"http:\/\/m-l-services.fr\/\",\"logo\":{\"@type\":\"ImageObject\",\"inLanguage\":\"en-US\",\"@id\":\"http:\/\/m-l-services.fr\/#\/schema\/logo\/image\/\",\"url\":\"https:\/\/m-l-services.fr\/wp-content\/uploads\/2024\/01\/cropped-cropped-ML-SERVICES.png\",\"contentUrl\":\"https:\/\/m-l-services.fr\/wp-content\/uploads\/2024\/01\/cropped-cropped-ML-SERVICES.png\",\"width\":240,\"height\":240,\"caption\":\"MLServices\"},\"image\":{\"@id\":\"http:\/\/m-l-services.fr\/#\/schema\/logo\/image\/\"}}]}<\/script>\n<!-- \/ Yoast SEO plugin. -->","yoast_head_json":{"title":"Visite de contr\u00f4le p\u00e9riodique des mat\u00e9riels de manutention, levage et BTP - MLServices","description":"ML Services : contr\u00f4les p\u00e9riodiques des mat\u00e9riels de manutention, levage et BTP selon normes en vigueur. Inspections visuelles, essais fonctionnels, rapport d\u00e9taill\u00e9, certification et suivi r\u00e9glementaire pour votre s\u00e9curit\u00e9 et conformit\u00e9 l\u00e9gale.","robots":{"index":"index","follow":"follow","max-snippet":"max-snippet:-1","max-image-preview":"max-image-preview:large","max-video-preview":"max-video-preview:-1"},"canonical":"https:\/\/m-l-services.fr\/index.php\/controle-periodique-des-materiels-de-manutention-levage-et-btp\/","og_locale":"en_US","og_type":"article","og_title":"Visite de contr\u00f4le p\u00e9riodique des mat\u00e9riels de manutention, levage et BTP - MLServices","og_description":"ML Services : contr\u00f4les p\u00e9riodiques des mat\u00e9riels de manutention, levage et BTP selon normes en vigueur. Inspections visuelles, essais fonctionnels, rapport d\u00e9taill\u00e9, certification et suivi r\u00e9glementaire pour votre s\u00e9curit\u00e9 et conformit\u00e9 l\u00e9gale.","og_url":"https:\/\/m-l-services.fr\/index.php\/controle-periodique-des-materiels-de-manutention-levage-et-btp\/","og_site_name":"MLServices","article_modified_time":"2026-01-30T18:50:28+00:00","og_image":[{"width":1711,"height":448,"url":"http:\/\/m-l-services.fr\/wp-content\/uploads\/2025\/09\/Visites-Periodiques-1.jpg","type":"image\/jpeg"}],"twitter_card":"summary_large_image","twitter_misc":{"Est. reading time":"2 minutes"},"schema":{"@context":"https:\/\/schema.org","@graph":[{"@type":"WebPage","@id":"https:\/\/m-l-services.fr\/index.php\/controle-periodique-des-materiels-de-manutention-levage-et-btp\/","url":"https:\/\/m-l-services.fr\/index.php\/controle-periodique-des-materiels-de-manutention-levage-et-btp\/","name":"Visite de contr\u00f4le p\u00e9riodique des mat\u00e9riels de manutention, levage et BTP - MLServices","isPartOf":{"@id":"http:\/\/m-l-services.fr\/#website"},"primaryImageOfPage":{"@id":"https:\/\/m-l-services.fr\/index.php\/controle-periodique-des-materiels-de-manutention-levage-et-btp\/#primaryimage"},"image":{"@id":"https:\/\/m-l-services.fr\/index.php\/controle-periodique-des-materiels-de-manutention-levage-et-btp\/#primaryimage"},"thumbnailUrl":"https:\/\/m-l-services.fr\/wp-content\/uploads\/2025\/09\/Visites-Periodiques-1.jpg","datePublished":"2025-09-27T09:18:21+00:00","dateModified":"2026-01-30T18:50:28+00:00","description":"ML Services : contr\u00f4les p\u00e9riodiques des mat\u00e9riels de manutention, levage et BTP selon normes en vigueur. Inspections visuelles, essais fonctionnels, rapport d\u00e9taill\u00e9, certification et suivi r\u00e9glementaire pour votre s\u00e9curit\u00e9 et conformit\u00e9 l\u00e9gale.","breadcrumb":{"@id":"https:\/\/m-l-services.fr\/index.php\/controle-periodique-des-materiels-de-manutention-levage-et-btp\/#breadcrumb"},"inLanguage":"en-US","potentialAction":[{"@type":"ReadAction","target":["https:\/\/m-l-services.fr\/index.php\/controle-periodique-des-materiels-de-manutention-levage-et-btp\/"]}]},{"@type":"ImageObject","inLanguage":"en-US","@id":"https:\/\/m-l-services.fr\/index.php\/controle-periodique-des-materiels-de-manutention-levage-et-btp\/#primaryimage","url":"https:\/\/m-l-services.fr\/wp-content\/uploads\/2025\/09\/Visites-Periodiques-1.jpg","contentUrl":"https:\/\/m-l-services.fr\/wp-content\/uploads\/2025\/09\/Visites-Periodiques-1.jpg","width":1711,"height":448,"caption":"Contr\u00f4le visites p\u00e9riodiques en Sarthe et dans le Perche"},{"@type":"BreadcrumbList","@id":"https:\/\/m-l-services.fr\/index.php\/controle-periodique-des-materiels-de-manutention-levage-et-btp\/#breadcrumb","itemListElement":[{"@type":"ListItem","position":1,"name":"Accueil","item":"https:\/\/m-l-services.fr\/"},{"@type":"ListItem","position":2,"name":"Visite de contr\u00f4le p\u00e9riodique des mat\u00e9riels de manutention, levage et BTP"}]},{"@type":"WebSite","@id":"http:\/\/m-l-services.fr\/#website","url":"http:\/\/m-l-services.fr\/","name":"MLServices","description":"R\u00e9activit\u00e9 assur\u00e9e, services ma\u00eetris\u00e9s","publisher":{"@id":"http:\/\/m-l-services.fr\/#organization"},"potentialAction":[{"@type":"SearchAction","target":{"@type":"EntryPoint","urlTemplate":"http:\/\/m-l-services.fr\/?s={search_term_string}"},"query-input":"required name=search_term_string"}],"inLanguage":"en-US"},{"@type":"Organization","@id":"http:\/\/m-l-services.fr\/#organization","name":"MLServices","url":"http:\/\/m-l-services.fr\/","logo":{"@type":"ImageObject","inLanguage":"en-US","@id":"http:\/\/m-l-services.fr\/#\/schema\/logo\/image\/","url":"https:\/\/m-l-services.fr\/wp-content\/uploads\/2024\/01\/cropped-cropped-ML-SERVICES.png","contentUrl":"https:\/\/m-l-services.fr\/wp-content\/uploads\/2024\/01\/cropped-cropped-ML-SERVICES.png","width":240,"height":240,"caption":"MLServices"},"image":{"@id":"http:\/\/m-l-services.fr\/#\/schema\/logo\/image\/"}}]}},"_links":{"self":[{"href":"https:\/\/m-l-services.fr\/index.php\/wp-json\/wp\/v2\/pages\/367","targetHints":{"allow":["GET"]}}],"collection":[{"href":"https:\/\/m-l-services.fr\/index.php\/wp-json\/wp\/v2\/pages"}],"about":[{"href":"https:\/\/m-l-services.fr\/index.php\/wp-json\/wp\/v2\/types\/page"}],"author":[{"embeddable":true,"href":"https:\/\/m-l-services.fr\/index.php\/wp-json\/wp\/v2\/users\/2"}],"replies":[{"embeddable":true,"href":"https:\/\/m-l-services.fr\/index.php\/wp-json\/wp\/v2\/comments?post=367"}],"version-history":[{"count":11,"href":"https:\/\/m-l-services.fr\/index.php\/wp-json\/wp\/v2\/pages\/367\/revisions"}],"predecessor-version":[{"id":418,"href":"https:\/\/m-l-services.fr\/index.php\/wp-json\/wp\/v2\/pages\/367\/revisions\/418"}],"wp:featuredmedia":[{"embeddable":true,"href":"https:\/\/m-l-services.fr\/index.php\/wp-json\/wp\/v2\/media\/400"}],"wp:attachment":[{"href":"https:\/\/m-l-services.fr\/index.php\/wp-json\/wp\/v2\/media?parent=367"}],"curies":[{"name":"wp","href":"https:\/\/api.w.org\/{rel}","templated":true}]}}