{"id":294,"date":"2025-07-11T15:22:08","date_gmt":"2025-07-11T13:22:08","guid":{"rendered":"https:\/\/m-l-services.fr\/?page_id=294"},"modified":"2026-01-30T19:43:55","modified_gmt":"2026-01-30T18:43:55","slug":"sav-2","status":"publish","type":"page","link":"https:\/\/m-l-services.fr\/index.php\/sav-2\/","title":{"rendered":"SAV"},"content":{"rendered":"\n<div class=\"wp-block-columns is-layout-flex wp-container-core-columns-is-layout-9d6595d7 wp-block-columns-is-layout-flex\">\n<div class=\"wp-block-column is-layout-flow wp-block-column-is-layout-flow\">\n<p><\/p>\n\n\n\n<h2 class=\"wp-block-heading\"><strong>Maintenance \/ R\u00e9paration<\/strong><\/h2>\n<\/div>\n<\/div>\n\n\n\n<p>manutention, avec un tarif horaire comp\u00e9titif de <strong>65\u20ac HT<\/strong>.<\/p>\n\n\n\n<p>Une panne sur votre mat\u00e9riel de manutention immobilise votre activit\u00e9 ? <strong>ML Services<\/strong> intervient rapidement pour la <strong>r\u00e9paration de chariot \u00e9l\u00e9vateur, votre mat\u00e9riel d&#8217;\u00e9l\u00e9vation et BTP et dans la Sarthe<\/strong>, Perche et alentour. Nous nous d\u00e9pla\u00e7ons directement dans vos entrep\u00f4ts ou sur vos chantiers pour diagnostiquer et r\u00e9parer vos \u00e9quipements.<\/p>\n\n\n\n<h4 class=\"wp-block-heading\"><strong>Nos services de maintenance curative :<\/strong><\/h4>\n\n\n\n<ul class=\"wp-block-list\">\n<li><strong>R\u00e9paration de chariots \u00e9l\u00e9vateurs<\/strong> (\u00e9lectrique, gaz, diesel).<\/li>\n\n\n\n<li><strong>D\u00e9pannage et r\u00e9paration de nacelles<\/strong> toutes hauteurs<\/li>\n\n\n\n<li><strong>D\u00e9pannage et r\u00e9paration <\/strong>de mat\u00e9riel de BTP toutes marques<\/li>\n\n\n\n<li>Intervention sur toutes marques (Fenwick, Toyota, Manitou, Haulotte, Kubota, Ausa, etc.).<\/li>\n\n\n\n<li>Remplacement de pi\u00e8ces d&#8217;usure et circuit hydraulique.<\/li>\n<\/ul>\n\n\n\n<p><\/p>\n\n\n\n<h3 class=\"wp-block-heading\">Tarifs de D\u00e9placement<\/h3>\n\n\n\n<p>Le <strong>tarif de d\u00e9placement<\/strong> est variable en fonction du lieu d&#8217;intervention, garantissant ainsi une tarification \u00e9quitable adapt\u00e9e \u00e0 chaque situation g\u00e9ographique.<\/p>\n\n\n\n<p><\/p>\n\n\n\n<h3 class=\"wp-block-heading\">Services Sp\u00e9cialis\u00e9s<\/h3>\n\n\n\n<ul class=\"wp-block-list\">\n<li><strong>Fabrication de flexibles hydrauliques sur site<\/strong> : Nous assurons la fabrication et l&#8217;installation de flexibles hydrauliques directement sur votre site, minimisant les temps d&#8217;arr\u00eat de vos machines.<\/li>\n\n\n\n<li><strong>Conversion vers de l&#8217;huile hydraulique biod\u00e9gradable \u00e9co label<\/strong> <img loading=\"lazy\" decoding=\"async\" width=\"40\" height=\"40\" class=\"wp-image-179\" style=\"width: 40px;\" src=\"http:\/\/m-l-services.fr\/wp-content\/uploads\/2024\/02\/flowerlogo_jpeg-2cd1c.jpg\" alt=\"\"> : Optez pour une solution respectueuse de l&#8217;environnement avec notre service de conversion vers de l&#8217;huile hydraulique biod\u00e9gradable \u00e9co label.<\/li>\n<\/ul>\n\n\n\n<p><\/p>\n\n\n\n<h3 class=\"wp-block-heading\">Pourquoi Choisir MLServices ?<\/h3>\n\n\n\n<p>Avec des tarifs transparents et des services sp\u00e9cialis\u00e9s, MLServices est votre partenaire de confiance pour toutes vos interventions de d\u00e9pannage et besoins en fabrication de flexibles hydrauliques.<\/p>\n\n\n\n<p>Contactez-nous pour plus d&#8217;informations sur nos tarifs et services, et d\u00e9couvrez comment nous pouvons vous aider \u00e0 maintenir vos \u00e9quipements en parfait \u00e9tat.<\/p>\n\n\n\n<div class=\"wp-block-buttons is-layout-flex wp-block-buttons-is-layout-flex\">\n<div class=\"wp-block-button\"><a class=\"wp-block-button__link wp-element-button\" href=\"https:\/\/m-l-services.fr\/index.php\/page-d-exemple\/\"><strong>Contactez-nous<\/strong><\/a><\/div>\n<\/div>\n\n\n\n<p><\/p>\n\n\n\n<h2 class=\"wp-block-heading\"><strong>Contrat de maintenance<\/strong><\/h2>\n\n\n\n<p><\/p>\n\n\n\n<p>Nous offrons des <strong>services d&#8217;entretien pr\u00e9ventif<\/strong> pour vos \u00e9quipements de manutention, y compris les <strong>nacelles<\/strong>. Pour \u00e9viter tout risque de panne et assurer la long\u00e9vit\u00e9 de vos machines, nous proposons des <strong>contrats d&#8217;entretien personnalis\u00e9s<\/strong>, adapt\u00e9s \u00e0 vos besoins sp\u00e9cifiques et aux caract\u00e9ristiques de vos \u00e9quipements.<\/p>\n\n\n\n<p><\/p>\n\n\n\n<p><\/p>\n\n\n\n<h3 class=\"wp-block-heading\">Pourquoi Choisir Nos Services de maintenance ?<\/h3>\n\n\n\n<ul class=\"wp-block-list\">\n<li><strong>Contrats sur mesure<\/strong> : Nos contrats sont sp\u00e9cialement con\u00e7us pour r\u00e9pondre aux exigences uniques de vos machines.<\/li>\n\n\n\n<li><strong>Pr\u00e9vention des pannes<\/strong> : Gr\u00e2ce \u00e0 un entretien r\u00e9gulier, nous minimisons les risques de panne et maximisons la performance de vos \u00e9quipements.<\/li>\n\n\n\n<li><strong>Interventions rapides et efficaces<\/strong> : Notre \u00e9quipe se d\u00e9place rapidement dans les secteurs de la Sarthe et du Perche pour vous fournir des services de qualit\u00e9.<\/li>\n<\/ul>\n\n\n\n<p><\/p>\n\n\n\n<p><\/p>\n\n\n\n<h3 class=\"wp-block-heading\">Notre Zone d&#8217;Intervention<\/h3>\n\n\n\n<p>Notre \u00e9quipe de professionnels intervient dans les r\u00e9gions de la <strong>Sarthe<\/strong> et du <strong>Perche<\/strong>, assurant ainsi une couverture compl\u00e8te pour tous vos besoins en entretien pr\u00e9ventif.<\/p>\n\n\n\n<p>Contactez-nous d\u00e8s aujourd&#8217;hui pour discuter de vos besoins en entretien pr\u00e9ventif et d\u00e9couvrir comment nous pouvons aider \u00e0 maintenir vos \u00e9quipements de manutention en parfait \u00e9tat de fonctionnement.<\/p>\n\n\n\n<div class=\"wp-block-buttons is-layout-flex wp-block-buttons-is-layout-flex\">\n<div class=\"wp-block-button\"><a class=\"wp-block-button__link wp-element-button\" href=\"https:\/\/m-l-services.fr\/index.php\/page-d-exemple\/\"><strong>Contactez-nous<\/strong><\/a><\/div>\n<\/div>\n","protected":false},"excerpt":{"rendered":"<p>Maintenance \/ R\u00e9paration manutention, avec un tarif horaire comp\u00e9titif de 65\u20ac HT. Une panne sur votre mat\u00e9riel de manutention immobilise votre activit\u00e9 ? ML Services intervient rapidement pour la r\u00e9paration de chariot \u00e9l\u00e9vateur, votre mat\u00e9riel d&#8217;\u00e9l\u00e9vation et BTP et dans la Sarthe, Perche et alentour. Nous nous d\u00e9pla\u00e7ons directement dans vos entrep\u00f4ts ou sur vos [&hellip;]<\/p>\n","protected":false},"author":2,"featured_media":241,"parent":0,"menu_order":0,"comment_status":"closed","ping_status":"closed","template":"","meta":{"footnotes":""},"class_list":["post-294","page","type-page","status-publish","has-post-thumbnail","hentry"],"yoast_head":"<!-- This site is optimized with the Yoast SEO plugin v22.8 - https:\/\/yoast.com\/wordpress\/plugins\/seo\/ -->\n<title>SAV - MLServices<\/title>\n<meta name=\"description\" content=\"Service apr\u00e8s-vente r\u00e9actif pour mat\u00e9riel BTP, manutention et outillage. R\u00e9parations, conseils et assistance technique par ML Services.\" \/>\n<meta name=\"robots\" content=\"index, follow, max-snippet:-1, max-image-preview:large, max-video-preview:-1\" \/>\n<link rel=\"canonical\" href=\"https:\/\/m-l-services.fr\/index.php\/sav-2\/\" \/>\n<meta property=\"og:locale\" content=\"en_US\" \/>\n<meta property=\"og:type\" content=\"article\" \/>\n<meta property=\"og:title\" content=\"SAV - MLServices\" \/>\n<meta property=\"og:description\" content=\"Service apr\u00e8s-vente r\u00e9actif pour mat\u00e9riel BTP, manutention et outillage. R\u00e9parations, conseils et assistance technique par ML Services.\" \/>\n<meta property=\"og:url\" content=\"https:\/\/m-l-services.fr\/index.php\/sav-2\/\" \/>\n<meta property=\"og:site_name\" content=\"MLServices\" \/>\n<meta property=\"article:modified_time\" content=\"2026-01-30T18:43:55+00:00\" \/>\n<meta property=\"og:image\" content=\"http:\/\/m-l-services.fr\/wp-content\/uploads\/2024\/04\/image4-scaled-e1712073002698.jpeg\" \/>\n\t<meta property=\"og:image:width\" content=\"2560\" \/>\n\t<meta property=\"og:image:height\" content=\"823\" \/>\n\t<meta property=\"og:image:type\" content=\"image\/jpeg\" \/>\n<meta name=\"twitter:card\" content=\"summary_large_image\" \/>\n<meta name=\"twitter:label1\" content=\"Est. reading time\" \/>\n\t<meta name=\"twitter:data1\" content=\"3 minutes\" \/>\n<script type=\"application\/ld+json\" class=\"yoast-schema-graph\">{\"@context\":\"https:\/\/schema.org\",\"@graph\":[{\"@type\":\"WebPage\",\"@id\":\"https:\/\/m-l-services.fr\/index.php\/sav-2\/\",\"url\":\"https:\/\/m-l-services.fr\/index.php\/sav-2\/\",\"name\":\"SAV - MLServices\",\"isPartOf\":{\"@id\":\"http:\/\/m-l-services.fr\/#website\"},\"primaryImageOfPage\":{\"@id\":\"https:\/\/m-l-services.fr\/index.php\/sav-2\/#primaryimage\"},\"image\":{\"@id\":\"https:\/\/m-l-services.fr\/index.php\/sav-2\/#primaryimage\"},\"thumbnailUrl\":\"https:\/\/m-l-services.fr\/wp-content\/uploads\/2024\/04\/image4-scaled-e1712073002698.jpeg\",\"datePublished\":\"2025-07-11T13:22:08+00:00\",\"dateModified\":\"2026-01-30T18:43:55+00:00\",\"description\":\"Service apr\u00e8s-vente r\u00e9actif pour mat\u00e9riel BTP, manutention et outillage. R\u00e9parations, conseils et assistance technique par ML Services.\",\"breadcrumb\":{\"@id\":\"https:\/\/m-l-services.fr\/index.php\/sav-2\/#breadcrumb\"},\"inLanguage\":\"en-US\",\"potentialAction\":[{\"@type\":\"ReadAction\",\"target\":[\"https:\/\/m-l-services.fr\/index.php\/sav-2\/\"]}]},{\"@type\":\"ImageObject\",\"inLanguage\":\"en-US\",\"@id\":\"https:\/\/m-l-services.fr\/index.php\/sav-2\/#primaryimage\",\"url\":\"https:\/\/m-l-services.fr\/wp-content\/uploads\/2024\/04\/image4-scaled-e1712073002698.jpeg\",\"contentUrl\":\"https:\/\/m-l-services.fr\/wp-content\/uploads\/2024\/04\/image4-scaled-e1712073002698.jpeg\",\"width\":2560,\"height\":823},{\"@type\":\"BreadcrumbList\",\"@id\":\"https:\/\/m-l-services.fr\/index.php\/sav-2\/#breadcrumb\",\"itemListElement\":[{\"@type\":\"ListItem\",\"position\":1,\"name\":\"Accueil\",\"item\":\"https:\/\/m-l-services.fr\/\"},{\"@type\":\"ListItem\",\"position\":2,\"name\":\"SAV\"}]},{\"@type\":\"WebSite\",\"@id\":\"http:\/\/m-l-services.fr\/#website\",\"url\":\"http:\/\/m-l-services.fr\/\",\"name\":\"MLServices\",\"description\":\"R\u00e9activit\u00e9 assur\u00e9e, services ma\u00eetris\u00e9s\",\"publisher\":{\"@id\":\"http:\/\/m-l-services.fr\/#organization\"},\"potentialAction\":[{\"@type\":\"SearchAction\",\"target\":{\"@type\":\"EntryPoint\",\"urlTemplate\":\"http:\/\/m-l-services.fr\/?s={search_term_string}\"},\"query-input\":\"required name=search_term_string\"}],\"inLanguage\":\"en-US\"},{\"@type\":\"Organization\",\"@id\":\"http:\/\/m-l-services.fr\/#organization\",\"name\":\"MLServices\",\"url\":\"http:\/\/m-l-services.fr\/\",\"logo\":{\"@type\":\"ImageObject\",\"inLanguage\":\"en-US\",\"@id\":\"http:\/\/m-l-services.fr\/#\/schema\/logo\/image\/\",\"url\":\"https:\/\/m-l-services.fr\/wp-content\/uploads\/2024\/01\/cropped-cropped-ML-SERVICES.png\",\"contentUrl\":\"https:\/\/m-l-services.fr\/wp-content\/uploads\/2024\/01\/cropped-cropped-ML-SERVICES.png\",\"width\":240,\"height\":240,\"caption\":\"MLServices\"},\"image\":{\"@id\":\"http:\/\/m-l-services.fr\/#\/schema\/logo\/image\/\"}}]}<\/script>\n<!-- \/ Yoast SEO plugin. -->","yoast_head_json":{"title":"SAV - MLServices","description":"Service apr\u00e8s-vente r\u00e9actif pour mat\u00e9riel BTP, manutention et outillage. R\u00e9parations, conseils et assistance technique par ML Services.","robots":{"index":"index","follow":"follow","max-snippet":"max-snippet:-1","max-image-preview":"max-image-preview:large","max-video-preview":"max-video-preview:-1"},"canonical":"https:\/\/m-l-services.fr\/index.php\/sav-2\/","og_locale":"en_US","og_type":"article","og_title":"SAV - MLServices","og_description":"Service apr\u00e8s-vente r\u00e9actif pour mat\u00e9riel BTP, manutention et outillage. R\u00e9parations, conseils et assistance technique par ML Services.","og_url":"https:\/\/m-l-services.fr\/index.php\/sav-2\/","og_site_name":"MLServices","article_modified_time":"2026-01-30T18:43:55+00:00","og_image":[{"width":2560,"height":823,"url":"http:\/\/m-l-services.fr\/wp-content\/uploads\/2024\/04\/image4-scaled-e1712073002698.jpeg","type":"image\/jpeg"}],"twitter_card":"summary_large_image","twitter_misc":{"Est. reading time":"3 minutes"},"schema":{"@context":"https:\/\/schema.org","@graph":[{"@type":"WebPage","@id":"https:\/\/m-l-services.fr\/index.php\/sav-2\/","url":"https:\/\/m-l-services.fr\/index.php\/sav-2\/","name":"SAV - MLServices","isPartOf":{"@id":"http:\/\/m-l-services.fr\/#website"},"primaryImageOfPage":{"@id":"https:\/\/m-l-services.fr\/index.php\/sav-2\/#primaryimage"},"image":{"@id":"https:\/\/m-l-services.fr\/index.php\/sav-2\/#primaryimage"},"thumbnailUrl":"https:\/\/m-l-services.fr\/wp-content\/uploads\/2024\/04\/image4-scaled-e1712073002698.jpeg","datePublished":"2025-07-11T13:22:08+00:00","dateModified":"2026-01-30T18:43:55+00:00","description":"Service apr\u00e8s-vente r\u00e9actif pour mat\u00e9riel BTP, manutention et outillage. R\u00e9parations, conseils et assistance technique par ML Services.","breadcrumb":{"@id":"https:\/\/m-l-services.fr\/index.php\/sav-2\/#breadcrumb"},"inLanguage":"en-US","potentialAction":[{"@type":"ReadAction","target":["https:\/\/m-l-services.fr\/index.php\/sav-2\/"]}]},{"@type":"ImageObject","inLanguage":"en-US","@id":"https:\/\/m-l-services.fr\/index.php\/sav-2\/#primaryimage","url":"https:\/\/m-l-services.fr\/wp-content\/uploads\/2024\/04\/image4-scaled-e1712073002698.jpeg","contentUrl":"https:\/\/m-l-services.fr\/wp-content\/uploads\/2024\/04\/image4-scaled-e1712073002698.jpeg","width":2560,"height":823},{"@type":"BreadcrumbList","@id":"https:\/\/m-l-services.fr\/index.php\/sav-2\/#breadcrumb","itemListElement":[{"@type":"ListItem","position":1,"name":"Accueil","item":"https:\/\/m-l-services.fr\/"},{"@type":"ListItem","position":2,"name":"SAV"}]},{"@type":"WebSite","@id":"http:\/\/m-l-services.fr\/#website","url":"http:\/\/m-l-services.fr\/","name":"MLServices","description":"R\u00e9activit\u00e9 assur\u00e9e, services ma\u00eetris\u00e9s","publisher":{"@id":"http:\/\/m-l-services.fr\/#organization"},"potentialAction":[{"@type":"SearchAction","target":{"@type":"EntryPoint","urlTemplate":"http:\/\/m-l-services.fr\/?s={search_term_string}"},"query-input":"required name=search_term_string"}],"inLanguage":"en-US"},{"@type":"Organization","@id":"http:\/\/m-l-services.fr\/#organization","name":"MLServices","url":"http:\/\/m-l-services.fr\/","logo":{"@type":"ImageObject","inLanguage":"en-US","@id":"http:\/\/m-l-services.fr\/#\/schema\/logo\/image\/","url":"https:\/\/m-l-services.fr\/wp-content\/uploads\/2024\/01\/cropped-cropped-ML-SERVICES.png","contentUrl":"https:\/\/m-l-services.fr\/wp-content\/uploads\/2024\/01\/cropped-cropped-ML-SERVICES.png","width":240,"height":240,"caption":"MLServices"},"image":{"@id":"http:\/\/m-l-services.fr\/#\/schema\/logo\/image\/"}}]}},"_links":{"self":[{"href":"https:\/\/m-l-services.fr\/index.php\/wp-json\/wp\/v2\/pages\/294","targetHints":{"allow":["GET"]}}],"collection":[{"href":"https:\/\/m-l-services.fr\/index.php\/wp-json\/wp\/v2\/pages"}],"about":[{"href":"https:\/\/m-l-services.fr\/index.php\/wp-json\/wp\/v2\/types\/page"}],"author":[{"embeddable":true,"href":"https:\/\/m-l-services.fr\/index.php\/wp-json\/wp\/v2\/users\/2"}],"replies":[{"embeddable":true,"href":"https:\/\/m-l-services.fr\/index.php\/wp-json\/wp\/v2\/comments?post=294"}],"version-history":[{"count":8,"href":"https:\/\/m-l-services.fr\/index.php\/wp-json\/wp\/v2\/pages\/294\/revisions"}],"predecessor-version":[{"id":412,"href":"https:\/\/m-l-services.fr\/index.php\/wp-json\/wp\/v2\/pages\/294\/revisions\/412"}],"wp:featuredmedia":[{"embeddable":true,"href":"https:\/\/m-l-services.fr\/index.php\/wp-json\/wp\/v2\/media\/241"}],"wp:attachment":[{"href":"https:\/\/m-l-services.fr\/index.php\/wp-json\/wp\/v2\/media?parent=294"}],"curies":[{"name":"wp","href":"https:\/\/api.w.org\/{rel}","templated":true}]}}