{"id":285,"date":"2025-07-11T15:10:16","date_gmt":"2025-07-11T13:10:16","guid":{"rendered":"https:\/\/m-l-services.fr\/?page_id=285"},"modified":"2025-09-29T22:02:31","modified_gmt":"2025-09-29T20:02:31","slug":"materiel-neuf","status":"publish","type":"page","link":"https:\/\/m-l-services.fr\/index.php\/vente-de-materiel\/materiel-neuf\/","title":{"rendered":"Mat\u00e9riel Neuf"},"content":{"rendered":"\n<div class=\"wp-block-columns is-layout-flex wp-container-core-columns-is-layout-9d6595d7 wp-block-columns-is-layout-flex\">\n<div class=\"wp-block-column is-layout-flow wp-block-column-is-layout-flow\">\n<h2 class=\"wp-block-heading\">Transpalettes Electriques<\/h2>\n\n\n\n<p><strong>A partir de 1 200\u20ac HT<\/strong><\/p>\n\n\n\n<p>Optez pour la performance et la s\u00e9curit\u00e9 avec nos <strong>transpalettes \u00e9lectriques<\/strong>, conformes \u00e0 la <strong>norme CARSAT<\/strong>. Id\u00e9als pour vos op\u00e9rations de manutention en entrep\u00f4t, magasin ou sur chantier, ils allient robustesse, maniabilit\u00e9 et fiabilit\u00e9.<\/p>\n\n\n\n<p>\ud83d\udd0b Batterie longue autonomie <\/p>\n\n\n\n<p>\u2699\ufe0f Capacit\u00e9 jusqu\u2019\u00e0 1 500 kg <\/p>\n\n\n\n<p>\ud83d\udee1\ufe0f S\u00e9curit\u00e9 conforme CARSAT<\/p>\n\n\n\n<p><strong>Prix d\u2019appel : 1 200 \u20ac HT<\/strong> \u2013 Produits neufs, garantis, disponibles imm\u00e9diatement.<\/p>\n\n\n\n<p>\ud83d\udc49 Contactez ML Services pour plus d\u2019informations ou un devis personnalis\u00e9.<\/p>\n\n\n\n<div class=\"wp-block-buttons is-layout-flex wp-block-buttons-is-layout-flex\">\n<div class=\"wp-block-button\"><a class=\"wp-block-button__link wp-element-button\" href=\"https:\/\/m-l-services.fr\/index.php\/nous-contacter\/\">Contactez-nous<\/a><\/div>\n<\/div>\n<\/div>\n\n\n\n<div class=\"wp-block-column is-layout-flow wp-block-column-is-layout-flow\">\n<h2 class=\"wp-block-heading\">Transpalettes Manuels<\/h2>\n\n\n\n<p><strong>A partir de 295\u20ac HT<\/strong><\/p>\n\n\n\n<p>Fiables, simples et \u00e9conomiques, nos <strong>transpalettes manuels<\/strong> sont id\u00e9als pour toutes vos op\u00e9rations de manutention quotidienne. Con\u00e7us pour durer, ils s\u2019adaptent parfaitement aux environnements industriels, logistiques ou commerciaux.<\/p>\n\n\n\n<p>\ud83d\udee0\ufe0f Capacit\u00e9 jusqu\u2019\u00e0 2 500 kg <\/p>\n\n\n\n<p>\ud83e\uddf0 Fourches renforc\u00e9es <\/p>\n\n\n\n<p>\ud83d\ude9a Faciles \u00e0 man\u0153uvrer<\/p>\n\n\n\n<p><strong>Prix d\u2019appel : 295 \u20ac HT<\/strong> \u2013 Mat\u00e9riel neuf et disponible imm\u00e9diatement.<\/p>\n\n\n\n<p>\ud83d\udc49 Demandez votre devis ou plus d&#8217;infos aupr\u00e8s de ML Services d\u00e8s aujourd\u2019hui.<\/p>\n\n\n\n<div class=\"wp-block-buttons is-layout-flex wp-block-buttons-is-layout-flex\">\n<div class=\"wp-block-button\"><a class=\"wp-block-button__link wp-element-button\">Contactez-nous<\/a><\/div>\n<\/div>\n<\/div>\n<\/div>\n\n\n\n<hr class=\"wp-block-separator has-alpha-channel-opacity\"\/>\n\n\n\n<hr class=\"wp-block-separator has-alpha-channel-opacity\"\/>\n\n\n\n<div class=\"wp-block-columns is-layout-flex wp-container-core-columns-is-layout-9d6595d7 wp-block-columns-is-layout-flex\">\n<div class=\"wp-block-column is-layout-flow wp-block-column-is-layout-flow\">\n<h2 class=\"wp-block-heading\">Tracteurs pousseurs \u00e9lectriques<\/h2>\n\n\n\n<p><strong>Prix sur demande<\/strong><\/p>\n\n\n\n<p>Optez pour l\u2019efficacit\u00e9 et la s\u00e9curit\u00e9 avec <strong>nos tracteurs pousseurs \u00e9lectriques<\/strong>, con\u00e7us pour faciliter vos op\u00e9rations de d\u00e9placement de charges lourdes en entrep\u00f4t, usine ou sur chantier. Ils combinent robustesse, maniabilit\u00e9 et fiabilit\u00e9 pour un travail fluide et s\u00e9curis\u00e9.<\/p>\n\n\n\n<p>\ud83d\udd0b Batterie longue autonomie<\/p>\n\n\n\n<p>\u2699\ufe0f Capacit\u00e9 de traction jusqu\u2019\u00e0 5 000 kg<\/p>\n\n\n\n<p>\ud83d\udee1\ufe0f S\u00e9curit\u00e9 conforme CARSAT<\/p>\n\n\n\n<p><strong>Prix sur demande<\/strong> \u2013 Produits neufs, garantis, disponibles imm\u00e9diatement.<\/p>\n\n\n\n<p>\ud83d\udc49 Contactez ML Services pour plus d\u2019informations ou un devis personnalis\u00e9.<\/p>\n\n\n\n<div class=\"wp-block-buttons is-layout-flex wp-block-buttons-is-layout-flex\">\n<div class=\"wp-block-button\"><a class=\"wp-block-button__link wp-element-button\" href=\"https:\/\/m-l-services.fr\/index.php\/nous-contacter\/\">Contactez-nous<\/a><\/div>\n<\/div>\n<\/div>\n\n\n\n<div class=\"wp-block-column is-layout-flow wp-block-column-is-layout-flow\">\n<h2 class=\"wp-block-heading\">Chariots R\u00e9tractables<\/h2>\n\n\n\n<p><\/p>\n\n\n\n<p><strong>Prix sur demande<\/strong><\/p>\n\n\n\n<p>Optimisez vos op\u00e9rations de stockage et de manutention avec nos <strong>chariots r\u00e9tractables<\/strong>, parfaits pour \u00e9voluer dans les all\u00e9es \u00e9troites de vos entrep\u00f4ts ou magasins. Ils allient pr\u00e9cision, maniabilit\u00e9 et robustesse pour un travail efficace et s\u00e9curis\u00e9.<\/p>\n\n\n\n<p>\ud83d\udd0b Batterie longue autonomie<\/p>\n\n\n\n<p>\u2699\ufe0f Capacit\u00e9 de levage jusqu\u2019\u00e0 1 500 kg<\/p>\n\n\n\n<p>\ud83d\udee1\ufe0f S\u00e9curit\u00e9 conforme aux normes en vigueur<\/p>\n\n\n\n<p><strong>Prix sur demande <\/strong>\u2013 Produits neufs, garantis, disponibles imm\u00e9diatement.<\/p>\n\n\n\n<p>\ud83d\udc49 Contactez ML Services pour plus d\u2019informations ou un devis personnalis\u00e9.<\/p>\n\n\n\n<div class=\"wp-block-buttons is-layout-flex wp-block-buttons-is-layout-flex\">\n<div class=\"wp-block-button\"><a class=\"wp-block-button__link wp-element-button\">Contactez-nous<\/a><\/div>\n<\/div>\n<\/div>\n<\/div>\n\n\n\n<hr class=\"wp-block-separator has-alpha-channel-opacity\"\/>\n\n\n\n<hr class=\"wp-block-separator has-alpha-channel-opacity\"\/>\n\n\n\n<div class=\"wp-block-columns is-layout-flex wp-container-core-columns-is-layout-9d6595d7 wp-block-columns-is-layout-flex\">\n<div class=\"wp-block-column is-layout-flow wp-block-column-is-layout-flow\">\n<h2 class=\"wp-block-heading\">Tables \u00e9l\u00e9vatrices<\/h2>\n\n\n\n<p><\/p>\n\n\n\n<p><strong>Prix sur demande<\/strong><\/p>\n\n\n\n<p>Gagnez en efficacit\u00e9 et en s\u00e9curit\u00e9 avec nos <strong>tables \u00e9l\u00e9vatrices<\/strong>, id\u00e9ales pour le levage et la manipulation de charges dans vos ateliers, entrep\u00f4ts ou chantiers. Elles offrent robustesse, stabilit\u00e9 et ergonomie pour un travail fluide et s\u00e9curis\u00e9.<\/p>\n\n\n\n<p>\ud83d\udd0b Batterie longue autonomie (pour mod\u00e8les \u00e9lectriques)<\/p>\n\n\n\n<p>\u2699\ufe0f Capacit\u00e9 de levage jusqu\u2019\u00e0 2 000 kg<\/p>\n\n\n\n<p>\ud83d\udee1\ufe0f S\u00e9curit\u00e9 conforme aux normes en vigueur<\/p>\n\n\n\n<p><strong>Prix sur demande <\/strong>\u2013 Produits neufs, garantis, disponibles imm\u00e9diatement.<\/p>\n\n\n\n<p>\ud83d\udc49 Contactez ML Services pour plus d\u2019informations ou un devis personnalis\u00e9.<\/p>\n\n\n\n<div class=\"wp-block-buttons is-layout-flex wp-block-buttons-is-layout-flex\">\n<div class=\"wp-block-button\"><a class=\"wp-block-button__link wp-element-button\" href=\"https:\/\/m-l-services.fr\/index.php\/nous-contacter\/\">Contactez-nous<\/a><\/div>\n<\/div>\n<\/div>\n\n\n\n<div class=\"wp-block-column is-layout-flow wp-block-column-is-layout-flow\">\n<h2 class=\"wp-block-heading\">Accessoires pour chariot \u00e9l\u00e9vateur<\/h2>\n\n\n\n<p><strong>Prix sur demande<\/strong><\/p>\n\n\n\n<p>Am\u00e9liorez la polyvalence et la productivit\u00e9 de vos chariots \u00e9l\u00e9vateurs avec <strong>notre gamme d\u2019accessoires robustes et fiables<\/strong>. Id\u00e9als pour optimiser vos op\u00e9rations de manutention, ils offrent s\u00e9curit\u00e9, efficacit\u00e9 et adaptabilit\u00e9 \u00e0 tous vos besoins.<\/p>\n\n\n\n<p>\u2699\ufe0f Large choix : fourches, pinces, rallonges, bennes basculantes\u2026<\/p>\n\n\n\n<p>\ud83d\udd27 Compatibilit\u00e9 avec la plupart des mod\u00e8les de chariots \u00e9l\u00e9vateurs<\/p>\n\n\n\n<p>\ud83d\udee1\ufe0f Conformes aux normes de s\u00e9curit\u00e9 en vigueur<\/p>\n\n\n\n<p><strong>Prix sur demande <\/strong>\u2013 Produits neufs, garantis, disponibles imm\u00e9diatement.<\/p>\n\n\n\n<p>\ud83d\udc49 Contactez ML Services pour plus d\u2019informations ou un devis personnalis\u00e9.<\/p>\n\n\n\n<div class=\"wp-block-buttons is-layout-flex wp-block-buttons-is-layout-flex\">\n<div class=\"wp-block-button\"><a class=\"wp-block-button__link wp-element-button\">Contactez-nous<\/a><\/div>\n<\/div>\n<\/div>\n<\/div>\n\n\n\n<hr class=\"wp-block-separator has-alpha-channel-opacity\"\/>\n\n\n\n<hr class=\"wp-block-separator has-alpha-channel-opacity\"\/>\n\n\n\n<div class=\"wp-block-columns is-layout-flex wp-container-core-columns-is-layout-9d6595d7 wp-block-columns-is-layout-flex\">\n<div class=\"wp-block-column is-layout-flow wp-block-column-is-layout-flow\">\n<h2 class=\"wp-block-heading\">Nacelles \u00e0 m\u00e2t vertical<\/h2>\n\n\n\n<p><strong>Prix sur demande<\/strong><\/p>\n\n\n\n<p>Optimisez vos travaux en hauteur avec nos <strong>nacelles \u00e0 m\u00e2t vertical<\/strong>, con\u00e7ues pour offrir <strong>s\u00e9curit\u00e9, stabilit\u00e9 et maniabilit\u00e9<\/strong> sur vos chantiers ou en entrep\u00f4t. Id\u00e9ales pour les interventions ponctuelles ou r\u00e9guli\u00e8res, elles allient performance et fiabilit\u00e9.<\/p>\n\n\n\n<p>\ud83d\udd0b Batterie longue autonomie<\/p>\n\n\n\n<p>\u2699\ufe0f Hauteur de levage jusqu\u2019\u00e0 12 m<\/p>\n\n\n\n<p>\ud83d\udee1\ufe0f S\u00e9curit\u00e9 conforme aux normes en vigueur<\/p>\n\n\n\n<p><strong>Prix sur demande<\/strong> \u2013 Produits neufs, garantis, disponibles imm\u00e9diatement.<\/p>\n\n\n\n<p>\ud83d\udc49 Contactez ML Services pour plus d\u2019informations ou un devis personnalis\u00e9.<\/p>\n\n\n\n<div class=\"wp-block-buttons is-layout-flex wp-block-buttons-is-layout-flex\">\n<div class=\"wp-block-button\"><a class=\"wp-block-button__link wp-element-button\" href=\"https:\/\/m-l-services.fr\/index.php\/nous-contacter\/\">Contactez-nous<\/a><\/div>\n<\/div>\n<\/div>\n\n\n\n<div class=\"wp-block-column is-layout-flow wp-block-column-is-layout-flow\">\n<h2 class=\"wp-block-heading\">Nacelles ciseaux<\/h2>\n\n\n\n<p><strong>Prix sur demande<\/strong><\/p>\n\n\n\n<p>Gagnez en efficacit\u00e9 et en s\u00e9curit\u00e9 dans vos entrep\u00f4ts avec nos nacelles ciseaux, sp\u00e9cialement con\u00e7ues pour la pr\u00e9paration de commandes et la <strong>manipulation de charges en hauteur<\/strong>. Elles offrent pr\u00e9cision, maniabilit\u00e9 et fiabilit\u00e9 pour un travail rapide et s\u00e9curis\u00e9.<\/p>\n\n\n\n<p>\ud83d\udd0b Batterie longue autonomie<\/p>\n\n\n\n<p>\u2699\ufe0f Hauteur de levage jusqu\u2019\u00e0 12 m<\/p>\n\n\n\n<p>\ud83d\udee1\ufe0f S\u00e9curit\u00e9 conforme aux normes en vigueur<\/p>\n\n\n\n<p><strong>Prix sur demande<\/strong> \u2013 Produits neufs, garantis, disponibles imm\u00e9diatement.<\/p>\n\n\n\n<p>\ud83d\udc49 Contactez ML Services pour plus d\u2019informations ou un devis personnalis\u00e9.<\/p>\n\n\n\n<div class=\"wp-block-buttons is-layout-flex wp-block-buttons-is-layout-flex\">\n<div class=\"wp-block-button\"><a class=\"wp-block-button__link wp-element-button\">Contactez-nous<\/a><\/div>\n<\/div>\n<\/div>\n<\/div>\n\n\n\n<p><\/p>\n\n\n\n<p><\/p>\n\n\n\n<p><\/p>\n","protected":false},"excerpt":{"rendered":"<p>Transpalettes Electriques A partir de 1 200\u20ac HT Optez pour la performance et la s\u00e9curit\u00e9 avec nos transpalettes \u00e9lectriques, conformes \u00e0 la norme CARSAT. Id\u00e9als pour vos op\u00e9rations de manutention en entrep\u00f4t, magasin ou sur chantier, ils allient robustesse, maniabilit\u00e9 et fiabilit\u00e9. \ud83d\udd0b Batterie longue autonomie \u2699\ufe0f Capacit\u00e9 jusqu\u2019\u00e0 1 500 kg \ud83d\udee1\ufe0f S\u00e9curit\u00e9 conforme [&hellip;]<\/p>\n","protected":false},"author":2,"featured_media":404,"parent":287,"menu_order":0,"comment_status":"closed","ping_status":"closed","template":"","meta":{"footnotes":""},"class_list":["post-285","page","type-page","status-publish","has-post-thumbnail","hentry"],"yoast_head":"<!-- This site is optimized with the Yoast SEO plugin v22.8 - https:\/\/yoast.com\/wordpress\/plugins\/seo\/ -->\n<title>Mat\u00e9riel Neuf - MLServices<\/title>\n<meta name=\"description\" content=\"D\u00e9couvrez notre s\u00e9lection de mat\u00e9riel neuf professionnel : outillage, BTP, nettoyage, jardinage et plus. Produits garantis, livraison rapide avec ML Services.\" \/>\n<meta name=\"robots\" content=\"index, follow, max-snippet:-1, max-image-preview:large, max-video-preview:-1\" \/>\n<link rel=\"canonical\" href=\"https:\/\/m-l-services.fr\/index.php\/vente-de-materiel\/materiel-neuf\/\" \/>\n<meta property=\"og:locale\" content=\"en_US\" \/>\n<meta property=\"og:type\" content=\"article\" \/>\n<meta property=\"og:title\" content=\"Mat\u00e9riel Neuf - MLServices\" \/>\n<meta property=\"og:description\" content=\"D\u00e9couvrez notre s\u00e9lection de mat\u00e9riel neuf professionnel : outillage, BTP, nettoyage, jardinage et plus. Produits garantis, livraison rapide avec ML Services.\" \/>\n<meta property=\"og:url\" content=\"https:\/\/m-l-services.fr\/index.php\/vente-de-materiel\/materiel-neuf\/\" \/>\n<meta property=\"og:site_name\" content=\"MLServices\" \/>\n<meta property=\"article:modified_time\" content=\"2025-09-29T20:02:31+00:00\" \/>\n<meta property=\"og:image\" content=\"http:\/\/m-l-services.fr\/wp-content\/uploads\/2025\/09\/vente-materiel-neuf-ml-services.jpg\" \/>\n\t<meta property=\"og:image:width\" content=\"1610\" \/>\n\t<meta property=\"og:image:height\" content=\"227\" \/>\n\t<meta property=\"og:image:type\" content=\"image\/jpeg\" \/>\n<meta name=\"twitter:card\" content=\"summary_large_image\" \/>\n<meta name=\"twitter:label1\" content=\"Est. reading time\" \/>\n\t<meta name=\"twitter:data1\" content=\"4 minutes\" \/>\n<script type=\"application\/ld+json\" class=\"yoast-schema-graph\">{\"@context\":\"https:\/\/schema.org\",\"@graph\":[{\"@type\":\"WebPage\",\"@id\":\"https:\/\/m-l-services.fr\/index.php\/vente-de-materiel\/materiel-neuf\/\",\"url\":\"https:\/\/m-l-services.fr\/index.php\/vente-de-materiel\/materiel-neuf\/\",\"name\":\"Mat\u00e9riel Neuf - MLServices\",\"isPartOf\":{\"@id\":\"http:\/\/m-l-services.fr\/#website\"},\"primaryImageOfPage\":{\"@id\":\"https:\/\/m-l-services.fr\/index.php\/vente-de-materiel\/materiel-neuf\/#primaryimage\"},\"image\":{\"@id\":\"https:\/\/m-l-services.fr\/index.php\/vente-de-materiel\/materiel-neuf\/#primaryimage\"},\"thumbnailUrl\":\"https:\/\/m-l-services.fr\/wp-content\/uploads\/2025\/09\/vente-materiel-neuf-ml-services.jpg\",\"datePublished\":\"2025-07-11T13:10:16+00:00\",\"dateModified\":\"2025-09-29T20:02:31+00:00\",\"description\":\"D\u00e9couvrez notre s\u00e9lection de mat\u00e9riel neuf professionnel : outillage, BTP, nettoyage, jardinage et plus. Produits garantis, livraison rapide avec ML Services.\",\"breadcrumb\":{\"@id\":\"https:\/\/m-l-services.fr\/index.php\/vente-de-materiel\/materiel-neuf\/#breadcrumb\"},\"inLanguage\":\"en-US\",\"potentialAction\":[{\"@type\":\"ReadAction\",\"target\":[\"https:\/\/m-l-services.fr\/index.php\/vente-de-materiel\/materiel-neuf\/\"]}]},{\"@type\":\"ImageObject\",\"inLanguage\":\"en-US\",\"@id\":\"https:\/\/m-l-services.fr\/index.php\/vente-de-materiel\/materiel-neuf\/#primaryimage\",\"url\":\"https:\/\/m-l-services.fr\/wp-content\/uploads\/2025\/09\/vente-materiel-neuf-ml-services.jpg\",\"contentUrl\":\"https:\/\/m-l-services.fr\/wp-content\/uploads\/2025\/09\/vente-materiel-neuf-ml-services.jpg\",\"width\":1610,\"height\":227},{\"@type\":\"BreadcrumbList\",\"@id\":\"https:\/\/m-l-services.fr\/index.php\/vente-de-materiel\/materiel-neuf\/#breadcrumb\",\"itemListElement\":[{\"@type\":\"ListItem\",\"position\":1,\"name\":\"Accueil\",\"item\":\"https:\/\/m-l-services.fr\/\"},{\"@type\":\"ListItem\",\"position\":2,\"name\":\"Vente de mat\u00e9riel\",\"item\":\"https:\/\/m-l-services.fr\/index.php\/vente-de-materiel\/\"},{\"@type\":\"ListItem\",\"position\":3,\"name\":\"Mat\u00e9riel Neuf\"}]},{\"@type\":\"WebSite\",\"@id\":\"http:\/\/m-l-services.fr\/#website\",\"url\":\"http:\/\/m-l-services.fr\/\",\"name\":\"MLServices\",\"description\":\"R\u00e9activit\u00e9 assur\u00e9e, services ma\u00eetris\u00e9s\",\"publisher\":{\"@id\":\"http:\/\/m-l-services.fr\/#organization\"},\"potentialAction\":[{\"@type\":\"SearchAction\",\"target\":{\"@type\":\"EntryPoint\",\"urlTemplate\":\"http:\/\/m-l-services.fr\/?s={search_term_string}\"},\"query-input\":\"required name=search_term_string\"}],\"inLanguage\":\"en-US\"},{\"@type\":\"Organization\",\"@id\":\"http:\/\/m-l-services.fr\/#organization\",\"name\":\"MLServices\",\"url\":\"http:\/\/m-l-services.fr\/\",\"logo\":{\"@type\":\"ImageObject\",\"inLanguage\":\"en-US\",\"@id\":\"http:\/\/m-l-services.fr\/#\/schema\/logo\/image\/\",\"url\":\"https:\/\/m-l-services.fr\/wp-content\/uploads\/2024\/01\/cropped-cropped-ML-SERVICES.png\",\"contentUrl\":\"https:\/\/m-l-services.fr\/wp-content\/uploads\/2024\/01\/cropped-cropped-ML-SERVICES.png\",\"width\":240,\"height\":240,\"caption\":\"MLServices\"},\"image\":{\"@id\":\"http:\/\/m-l-services.fr\/#\/schema\/logo\/image\/\"}}]}<\/script>\n<!-- \/ Yoast SEO plugin. -->","yoast_head_json":{"title":"Mat\u00e9riel Neuf - MLServices","description":"D\u00e9couvrez notre s\u00e9lection de mat\u00e9riel neuf professionnel : outillage, BTP, nettoyage, jardinage et plus. Produits garantis, livraison rapide avec ML Services.","robots":{"index":"index","follow":"follow","max-snippet":"max-snippet:-1","max-image-preview":"max-image-preview:large","max-video-preview":"max-video-preview:-1"},"canonical":"https:\/\/m-l-services.fr\/index.php\/vente-de-materiel\/materiel-neuf\/","og_locale":"en_US","og_type":"article","og_title":"Mat\u00e9riel Neuf - MLServices","og_description":"D\u00e9couvrez notre s\u00e9lection de mat\u00e9riel neuf professionnel : outillage, BTP, nettoyage, jardinage et plus. Produits garantis, livraison rapide avec ML Services.","og_url":"https:\/\/m-l-services.fr\/index.php\/vente-de-materiel\/materiel-neuf\/","og_site_name":"MLServices","article_modified_time":"2025-09-29T20:02:31+00:00","og_image":[{"width":1610,"height":227,"url":"http:\/\/m-l-services.fr\/wp-content\/uploads\/2025\/09\/vente-materiel-neuf-ml-services.jpg","type":"image\/jpeg"}],"twitter_card":"summary_large_image","twitter_misc":{"Est. reading time":"4 minutes"},"schema":{"@context":"https:\/\/schema.org","@graph":[{"@type":"WebPage","@id":"https:\/\/m-l-services.fr\/index.php\/vente-de-materiel\/materiel-neuf\/","url":"https:\/\/m-l-services.fr\/index.php\/vente-de-materiel\/materiel-neuf\/","name":"Mat\u00e9riel Neuf - MLServices","isPartOf":{"@id":"http:\/\/m-l-services.fr\/#website"},"primaryImageOfPage":{"@id":"https:\/\/m-l-services.fr\/index.php\/vente-de-materiel\/materiel-neuf\/#primaryimage"},"image":{"@id":"https:\/\/m-l-services.fr\/index.php\/vente-de-materiel\/materiel-neuf\/#primaryimage"},"thumbnailUrl":"https:\/\/m-l-services.fr\/wp-content\/uploads\/2025\/09\/vente-materiel-neuf-ml-services.jpg","datePublished":"2025-07-11T13:10:16+00:00","dateModified":"2025-09-29T20:02:31+00:00","description":"D\u00e9couvrez notre s\u00e9lection de mat\u00e9riel neuf professionnel : outillage, BTP, nettoyage, jardinage et plus. Produits garantis, livraison rapide avec ML Services.","breadcrumb":{"@id":"https:\/\/m-l-services.fr\/index.php\/vente-de-materiel\/materiel-neuf\/#breadcrumb"},"inLanguage":"en-US","potentialAction":[{"@type":"ReadAction","target":["https:\/\/m-l-services.fr\/index.php\/vente-de-materiel\/materiel-neuf\/"]}]},{"@type":"ImageObject","inLanguage":"en-US","@id":"https:\/\/m-l-services.fr\/index.php\/vente-de-materiel\/materiel-neuf\/#primaryimage","url":"https:\/\/m-l-services.fr\/wp-content\/uploads\/2025\/09\/vente-materiel-neuf-ml-services.jpg","contentUrl":"https:\/\/m-l-services.fr\/wp-content\/uploads\/2025\/09\/vente-materiel-neuf-ml-services.jpg","width":1610,"height":227},{"@type":"BreadcrumbList","@id":"https:\/\/m-l-services.fr\/index.php\/vente-de-materiel\/materiel-neuf\/#breadcrumb","itemListElement":[{"@type":"ListItem","position":1,"name":"Accueil","item":"https:\/\/m-l-services.fr\/"},{"@type":"ListItem","position":2,"name":"Vente de mat\u00e9riel","item":"https:\/\/m-l-services.fr\/index.php\/vente-de-materiel\/"},{"@type":"ListItem","position":3,"name":"Mat\u00e9riel Neuf"}]},{"@type":"WebSite","@id":"http:\/\/m-l-services.fr\/#website","url":"http:\/\/m-l-services.fr\/","name":"MLServices","description":"R\u00e9activit\u00e9 assur\u00e9e, services ma\u00eetris\u00e9s","publisher":{"@id":"http:\/\/m-l-services.fr\/#organization"},"potentialAction":[{"@type":"SearchAction","target":{"@type":"EntryPoint","urlTemplate":"http:\/\/m-l-services.fr\/?s={search_term_string}"},"query-input":"required name=search_term_string"}],"inLanguage":"en-US"},{"@type":"Organization","@id":"http:\/\/m-l-services.fr\/#organization","name":"MLServices","url":"http:\/\/m-l-services.fr\/","logo":{"@type":"ImageObject","inLanguage":"en-US","@id":"http:\/\/m-l-services.fr\/#\/schema\/logo\/image\/","url":"https:\/\/m-l-services.fr\/wp-content\/uploads\/2024\/01\/cropped-cropped-ML-SERVICES.png","contentUrl":"https:\/\/m-l-services.fr\/wp-content\/uploads\/2024\/01\/cropped-cropped-ML-SERVICES.png","width":240,"height":240,"caption":"MLServices"},"image":{"@id":"http:\/\/m-l-services.fr\/#\/schema\/logo\/image\/"}}]}},"_links":{"self":[{"href":"https:\/\/m-l-services.fr\/index.php\/wp-json\/wp\/v2\/pages\/285","targetHints":{"allow":["GET"]}}],"collection":[{"href":"https:\/\/m-l-services.fr\/index.php\/wp-json\/wp\/v2\/pages"}],"about":[{"href":"https:\/\/m-l-services.fr\/index.php\/wp-json\/wp\/v2\/types\/page"}],"author":[{"embeddable":true,"href":"https:\/\/m-l-services.fr\/index.php\/wp-json\/wp\/v2\/users\/2"}],"replies":[{"embeddable":true,"href":"https:\/\/m-l-services.fr\/index.php\/wp-json\/wp\/v2\/comments?post=285"}],"version-history":[{"count":13,"href":"https:\/\/m-l-services.fr\/index.php\/wp-json\/wp\/v2\/pages\/285\/revisions"}],"predecessor-version":[{"id":392,"href":"https:\/\/m-l-services.fr\/index.php\/wp-json\/wp\/v2\/pages\/285\/revisions\/392"}],"up":[{"embeddable":true,"href":"https:\/\/m-l-services.fr\/index.php\/wp-json\/wp\/v2\/pages\/287"}],"wp:featuredmedia":[{"embeddable":true,"href":"https:\/\/m-l-services.fr\/index.php\/wp-json\/wp\/v2\/media\/404"}],"wp:attachment":[{"href":"https:\/\/m-l-services.fr\/index.php\/wp-json\/wp\/v2\/media?parent=285"}],"curies":[{"name":"wp","href":"https:\/\/api.w.org\/{rel}","templated":true}]}}