{"id":281,"date":"2025-07-11T15:08:53","date_gmt":"2025-07-11T13:08:53","guid":{"rendered":"https:\/\/m-l-services.fr\/?page_id=281"},"modified":"2025-07-11T17:11:39","modified_gmt":"2025-07-11T15:11:39","slug":"pieces-detaches","status":"publish","type":"page","link":"https:\/\/m-l-services.fr\/index.php\/pieces-detaches\/","title":{"rendered":"Pi\u00e8ces D\u00e9tach\u00e9es"},"content":{"rendered":"\n<p><\/p>\n\n\n\n<p>Retrouvez un large choix de <strong>pi\u00e8ces d\u00e9tach\u00e9es<\/strong> pour vos \u00e9quipements de manutention, BTP, nettoyage, outillage et machines diverses. Chez <strong>ML Services<\/strong>, nous vous aidons \u00e0 prolonger la dur\u00e9e de vie de votre mat\u00e9riel gr\u00e2ce \u00e0 des <strong>pi\u00e8ces compatibles, d\u2019origine ou \u00e9quivalentes<\/strong>, disponibles rapidement.<\/p>\n\n\n\n<p>\ud83d\udd27 Moteurs, batteries, roues, composants hydrauliques, \u00e9lectroniques et bien plus<br>\ud83d\udce6 Stock disponible | \ud83d\ude9a Livraison rapide | \ud83d\udee0\ufe0f Assistance technique possible<\/p>\n\n\n\n<p>Contactez-nous pour commander vos <strong>pi\u00e8ces d\u00e9tach\u00e9es <\/strong>sp\u00e9cifique.<\/p>\n\n\n\n<p><\/p>\n\n\n\n<div class=\"wp-block-buttons is-layout-flex wp-block-buttons-is-layout-flex\">\n<div class=\"wp-block-button\"><a class=\"wp-block-button__link wp-element-button\" href=\"https:\/\/m-l-services.fr\/index.php\/nous-contacter\/\">Contactez-nous<\/a><\/div>\n<\/div>\n","protected":false},"excerpt":{"rendered":"<p>Retrouvez un large choix de pi\u00e8ces d\u00e9tach\u00e9es pour vos \u00e9quipements de manutention, BTP, nettoyage, outillage et machines diverses. Chez ML Services, nous vous aidons \u00e0 prolonger la dur\u00e9e de vie de votre mat\u00e9riel gr\u00e2ce \u00e0 des pi\u00e8ces compatibles, d\u2019origine ou \u00e9quivalentes, disponibles rapidement. \ud83d\udd27 Moteurs, batteries, roues, composants hydrauliques, \u00e9lectroniques et bien plus\ud83d\udce6 Stock disponible [&hellip;]<\/p>\n","protected":false},"author":2,"featured_media":348,"parent":0,"menu_order":0,"comment_status":"closed","ping_status":"closed","template":"","meta":{"footnotes":""},"class_list":["post-281","page","type-page","status-publish","has-post-thumbnail","hentry"],"yoast_head":"<!-- This site is optimized with the Yoast SEO plugin v22.8 - https:\/\/yoast.com\/wordpress\/plugins\/seo\/ -->\n<title>Pi\u00e8ces D\u00e9tach\u00e9es - MLServices<\/title>\n<meta name=\"robots\" content=\"index, follow, max-snippet:-1, max-image-preview:large, max-video-preview:-1\" \/>\n<link rel=\"canonical\" href=\"https:\/\/m-l-services.fr\/index.php\/pieces-detaches\/\" \/>\n<meta property=\"og:locale\" content=\"en_US\" \/>\n<meta property=\"og:type\" content=\"article\" \/>\n<meta property=\"og:title\" content=\"Pi\u00e8ces D\u00e9tach\u00e9es - MLServices\" \/>\n<meta property=\"og:description\" content=\"Retrouvez un large choix de pi\u00e8ces d\u00e9tach\u00e9es pour vos \u00e9quipements de manutention, BTP, nettoyage, outillage et machines diverses. Chez ML Services, nous vous aidons \u00e0 prolonger la dur\u00e9e de vie de votre mat\u00e9riel gr\u00e2ce \u00e0 des pi\u00e8ces compatibles, d\u2019origine ou \u00e9quivalentes, disponibles rapidement. \ud83d\udd27 Moteurs, batteries, roues, composants hydrauliques, \u00e9lectroniques et bien plus\ud83d\udce6 Stock disponible [&hellip;]\" \/>\n<meta property=\"og:url\" content=\"https:\/\/m-l-services.fr\/index.php\/pieces-detaches\/\" \/>\n<meta property=\"og:site_name\" content=\"MLServices\" \/>\n<meta property=\"article:modified_time\" content=\"2025-07-11T15:11:39+00:00\" \/>\n<meta property=\"og:image\" content=\"https:\/\/m-l-services.fr\/wp-content\/uploads\/2025\/07\/pieces-detachees-scaled.jpg\" \/>\n\t<meta property=\"og:image:width\" content=\"2560\" \/>\n\t<meta property=\"og:image:height\" content=\"704\" \/>\n\t<meta property=\"og:image:type\" content=\"image\/jpeg\" \/>\n<meta name=\"twitter:card\" content=\"summary_large_image\" \/>\n<meta name=\"twitter:label1\" content=\"Est. reading time\" \/>\n\t<meta name=\"twitter:data1\" content=\"1 minute\" \/>\n<script type=\"application\/ld+json\" class=\"yoast-schema-graph\">{\"@context\":\"https:\/\/schema.org\",\"@graph\":[{\"@type\":\"WebPage\",\"@id\":\"https:\/\/m-l-services.fr\/index.php\/pieces-detaches\/\",\"url\":\"https:\/\/m-l-services.fr\/index.php\/pieces-detaches\/\",\"name\":\"Pi\u00e8ces D\u00e9tach\u00e9es - MLServices\",\"isPartOf\":{\"@id\":\"http:\/\/m-l-services.fr\/#website\"},\"primaryImageOfPage\":{\"@id\":\"https:\/\/m-l-services.fr\/index.php\/pieces-detaches\/#primaryimage\"},\"image\":{\"@id\":\"https:\/\/m-l-services.fr\/index.php\/pieces-detaches\/#primaryimage\"},\"thumbnailUrl\":\"https:\/\/m-l-services.fr\/wp-content\/uploads\/2025\/07\/pieces-detachees-scaled.jpg\",\"datePublished\":\"2025-07-11T13:08:53+00:00\",\"dateModified\":\"2025-07-11T15:11:39+00:00\",\"breadcrumb\":{\"@id\":\"https:\/\/m-l-services.fr\/index.php\/pieces-detaches\/#breadcrumb\"},\"inLanguage\":\"en-US\",\"potentialAction\":[{\"@type\":\"ReadAction\",\"target\":[\"https:\/\/m-l-services.fr\/index.php\/pieces-detaches\/\"]}]},{\"@type\":\"ImageObject\",\"inLanguage\":\"en-US\",\"@id\":\"https:\/\/m-l-services.fr\/index.php\/pieces-detaches\/#primaryimage\",\"url\":\"https:\/\/m-l-services.fr\/wp-content\/uploads\/2025\/07\/pieces-detachees-scaled.jpg\",\"contentUrl\":\"https:\/\/m-l-services.fr\/wp-content\/uploads\/2025\/07\/pieces-detachees-scaled.jpg\",\"width\":2560,\"height\":704},{\"@type\":\"BreadcrumbList\",\"@id\":\"https:\/\/m-l-services.fr\/index.php\/pieces-detaches\/#breadcrumb\",\"itemListElement\":[{\"@type\":\"ListItem\",\"position\":1,\"name\":\"Accueil\",\"item\":\"https:\/\/m-l-services.fr\/\"},{\"@type\":\"ListItem\",\"position\":2,\"name\":\"Pi\u00e8ces D\u00e9tach\u00e9es\"}]},{\"@type\":\"WebSite\",\"@id\":\"http:\/\/m-l-services.fr\/#website\",\"url\":\"http:\/\/m-l-services.fr\/\",\"name\":\"MLServices\",\"description\":\"R\u00e9activit\u00e9 assur\u00e9e, services ma\u00eetris\u00e9s\",\"publisher\":{\"@id\":\"http:\/\/m-l-services.fr\/#organization\"},\"potentialAction\":[{\"@type\":\"SearchAction\",\"target\":{\"@type\":\"EntryPoint\",\"urlTemplate\":\"http:\/\/m-l-services.fr\/?s={search_term_string}\"},\"query-input\":\"required name=search_term_string\"}],\"inLanguage\":\"en-US\"},{\"@type\":\"Organization\",\"@id\":\"http:\/\/m-l-services.fr\/#organization\",\"name\":\"MLServices\",\"url\":\"http:\/\/m-l-services.fr\/\",\"logo\":{\"@type\":\"ImageObject\",\"inLanguage\":\"en-US\",\"@id\":\"http:\/\/m-l-services.fr\/#\/schema\/logo\/image\/\",\"url\":\"https:\/\/m-l-services.fr\/wp-content\/uploads\/2024\/01\/cropped-cropped-ML-SERVICES.png\",\"contentUrl\":\"https:\/\/m-l-services.fr\/wp-content\/uploads\/2024\/01\/cropped-cropped-ML-SERVICES.png\",\"width\":240,\"height\":240,\"caption\":\"MLServices\"},\"image\":{\"@id\":\"http:\/\/m-l-services.fr\/#\/schema\/logo\/image\/\"}}]}<\/script>\n<!-- \/ Yoast SEO plugin. -->","yoast_head_json":{"title":"Pi\u00e8ces D\u00e9tach\u00e9es - MLServices","robots":{"index":"index","follow":"follow","max-snippet":"max-snippet:-1","max-image-preview":"max-image-preview:large","max-video-preview":"max-video-preview:-1"},"canonical":"https:\/\/m-l-services.fr\/index.php\/pieces-detaches\/","og_locale":"en_US","og_type":"article","og_title":"Pi\u00e8ces D\u00e9tach\u00e9es - MLServices","og_description":"Retrouvez un large choix de pi\u00e8ces d\u00e9tach\u00e9es pour vos \u00e9quipements de manutention, BTP, nettoyage, outillage et machines diverses. Chez ML Services, nous vous aidons \u00e0 prolonger la dur\u00e9e de vie de votre mat\u00e9riel gr\u00e2ce \u00e0 des pi\u00e8ces compatibles, d\u2019origine ou \u00e9quivalentes, disponibles rapidement. \ud83d\udd27 Moteurs, batteries, roues, composants hydrauliques, \u00e9lectroniques et bien plus\ud83d\udce6 Stock disponible [&hellip;]","og_url":"https:\/\/m-l-services.fr\/index.php\/pieces-detaches\/","og_site_name":"MLServices","article_modified_time":"2025-07-11T15:11:39+00:00","og_image":[{"width":2560,"height":704,"url":"https:\/\/m-l-services.fr\/wp-content\/uploads\/2025\/07\/pieces-detachees-scaled.jpg","type":"image\/jpeg"}],"twitter_card":"summary_large_image","twitter_misc":{"Est. reading time":"1 minute"},"schema":{"@context":"https:\/\/schema.org","@graph":[{"@type":"WebPage","@id":"https:\/\/m-l-services.fr\/index.php\/pieces-detaches\/","url":"https:\/\/m-l-services.fr\/index.php\/pieces-detaches\/","name":"Pi\u00e8ces D\u00e9tach\u00e9es - MLServices","isPartOf":{"@id":"http:\/\/m-l-services.fr\/#website"},"primaryImageOfPage":{"@id":"https:\/\/m-l-services.fr\/index.php\/pieces-detaches\/#primaryimage"},"image":{"@id":"https:\/\/m-l-services.fr\/index.php\/pieces-detaches\/#primaryimage"},"thumbnailUrl":"https:\/\/m-l-services.fr\/wp-content\/uploads\/2025\/07\/pieces-detachees-scaled.jpg","datePublished":"2025-07-11T13:08:53+00:00","dateModified":"2025-07-11T15:11:39+00:00","breadcrumb":{"@id":"https:\/\/m-l-services.fr\/index.php\/pieces-detaches\/#breadcrumb"},"inLanguage":"en-US","potentialAction":[{"@type":"ReadAction","target":["https:\/\/m-l-services.fr\/index.php\/pieces-detaches\/"]}]},{"@type":"ImageObject","inLanguage":"en-US","@id":"https:\/\/m-l-services.fr\/index.php\/pieces-detaches\/#primaryimage","url":"https:\/\/m-l-services.fr\/wp-content\/uploads\/2025\/07\/pieces-detachees-scaled.jpg","contentUrl":"https:\/\/m-l-services.fr\/wp-content\/uploads\/2025\/07\/pieces-detachees-scaled.jpg","width":2560,"height":704},{"@type":"BreadcrumbList","@id":"https:\/\/m-l-services.fr\/index.php\/pieces-detaches\/#breadcrumb","itemListElement":[{"@type":"ListItem","position":1,"name":"Accueil","item":"https:\/\/m-l-services.fr\/"},{"@type":"ListItem","position":2,"name":"Pi\u00e8ces D\u00e9tach\u00e9es"}]},{"@type":"WebSite","@id":"http:\/\/m-l-services.fr\/#website","url":"http:\/\/m-l-services.fr\/","name":"MLServices","description":"R\u00e9activit\u00e9 assur\u00e9e, services ma\u00eetris\u00e9s","publisher":{"@id":"http:\/\/m-l-services.fr\/#organization"},"potentialAction":[{"@type":"SearchAction","target":{"@type":"EntryPoint","urlTemplate":"http:\/\/m-l-services.fr\/?s={search_term_string}"},"query-input":"required name=search_term_string"}],"inLanguage":"en-US"},{"@type":"Organization","@id":"http:\/\/m-l-services.fr\/#organization","name":"MLServices","url":"http:\/\/m-l-services.fr\/","logo":{"@type":"ImageObject","inLanguage":"en-US","@id":"http:\/\/m-l-services.fr\/#\/schema\/logo\/image\/","url":"https:\/\/m-l-services.fr\/wp-content\/uploads\/2024\/01\/cropped-cropped-ML-SERVICES.png","contentUrl":"https:\/\/m-l-services.fr\/wp-content\/uploads\/2024\/01\/cropped-cropped-ML-SERVICES.png","width":240,"height":240,"caption":"MLServices"},"image":{"@id":"http:\/\/m-l-services.fr\/#\/schema\/logo\/image\/"}}]}},"_links":{"self":[{"href":"https:\/\/m-l-services.fr\/index.php\/wp-json\/wp\/v2\/pages\/281","targetHints":{"allow":["GET"]}}],"collection":[{"href":"https:\/\/m-l-services.fr\/index.php\/wp-json\/wp\/v2\/pages"}],"about":[{"href":"https:\/\/m-l-services.fr\/index.php\/wp-json\/wp\/v2\/types\/page"}],"author":[{"embeddable":true,"href":"https:\/\/m-l-services.fr\/index.php\/wp-json\/wp\/v2\/users\/2"}],"replies":[{"embeddable":true,"href":"https:\/\/m-l-services.fr\/index.php\/wp-json\/wp\/v2\/comments?post=281"}],"version-history":[{"count":3,"href":"https:\/\/m-l-services.fr\/index.php\/wp-json\/wp\/v2\/pages\/281\/revisions"}],"predecessor-version":[{"id":327,"href":"https:\/\/m-l-services.fr\/index.php\/wp-json\/wp\/v2\/pages\/281\/revisions\/327"}],"wp:featuredmedia":[{"embeddable":true,"href":"https:\/\/m-l-services.fr\/index.php\/wp-json\/wp\/v2\/media\/348"}],"wp:attachment":[{"href":"https:\/\/m-l-services.fr\/index.php\/wp-json\/wp\/v2\/media?parent=281"}],"curies":[{"name":"wp","href":"https:\/\/api.w.org\/{rel}","templated":true}]}}