{"id":257,"date":"2025-03-30T16:18:14","date_gmt":"2025-03-30T14:18:14","guid":{"rendered":"https:\/\/m-l-services.fr\/?page_id=257"},"modified":"2025-07-11T15:41:05","modified_gmt":"2025-07-11T13:41:05","slug":"materiel-occasion","status":"publish","type":"page","link":"https:\/\/m-l-services.fr\/index.php\/vente-de-materiel\/materiel-occasion\/","title":{"rendered":"Mat\u00e9riel Occasion"},"content":{"rendered":"\n<div class=\"wp-block-group\"><div class=\"wp-block-group__inner-container is-layout-constrained wp-block-group-is-layout-constrained\"><ul class=\"wp-block-latest-posts__list is-grid columns-3 wp-block-latest-posts\"><li><div class=\"wp-block-latest-posts__featured-image\"><img loading=\"lazy\" decoding=\"async\" width=\"300\" height=\"226\" src=\"https:\/\/m-l-services.fr\/wp-content\/uploads\/2026\/01\/Chariot-vendu-janvier2026-300x226.png\" class=\"attachment-medium size-medium wp-post-image\" alt=\"Chariot \u00e9l\u00e9vateur Toyota 1.5t\" style=\"\" srcset=\"https:\/\/m-l-services.fr\/wp-content\/uploads\/2026\/01\/Chariot-vendu-janvier2026-300x226.png 300w, https:\/\/m-l-services.fr\/wp-content\/uploads\/2026\/01\/Chariot-vendu-janvier2026-768x578.png 768w, https:\/\/m-l-services.fr\/wp-content\/uploads\/2026\/01\/Chariot-vendu-janvier2026.png 973w\" sizes=\"auto, (max-width: 300px) 100vw, 300px\" \/><\/div><a class=\"wp-block-latest-posts__post-title\" href=\"https:\/\/m-l-services.fr\/index.php\/2026\/01\/30\/%f0%9f%93%a2-chariot-elevateur-toyota-1-5t\/\">\ud83d\udce2 VENDU &#8211; CHARIOT ELEVATEUR TOYOTA 1.5t<\/a><\/li>\n<li><div class=\"wp-block-latest-posts__featured-image\"><img loading=\"lazy\" decoding=\"async\" width=\"225\" height=\"300\" src=\"https:\/\/m-l-services.fr\/wp-content\/uploads\/2025\/07\/IMG_4278-225x300.jpg\" class=\"attachment-medium size-medium wp-post-image\" alt=\"\" style=\"\" srcset=\"https:\/\/m-l-services.fr\/wp-content\/uploads\/2025\/07\/IMG_4278-225x300.jpg 225w, https:\/\/m-l-services.fr\/wp-content\/uploads\/2025\/07\/IMG_4278-768x1024.jpg 768w, https:\/\/m-l-services.fr\/wp-content\/uploads\/2025\/07\/IMG_4278-1152x1536.jpg 1152w, https:\/\/m-l-services.fr\/wp-content\/uploads\/2025\/07\/IMG_4278-1536x2048.jpg 1536w, https:\/\/m-l-services.fr\/wp-content\/uploads\/2025\/07\/IMG_4278-scaled.jpg 1920w\" sizes=\"auto, (max-width: 225px) 100vw, 225px\" \/><\/div><a class=\"wp-block-latest-posts__post-title\" href=\"https:\/\/m-l-services.fr\/index.php\/2025\/07\/11\/chariot-elevateur-retractable-toyota-7fbr14-reconditionne-pro\/\">Chariot \u00c9l\u00e9vateur R\u00e9tractable TOYOTA 7FBR14 \u2013 Reconditionn\u00e9 Pro<\/a><\/li>\n<li><div class=\"wp-block-latest-posts__featured-image\"><img loading=\"lazy\" decoding=\"async\" width=\"228\" height=\"300\" src=\"https:\/\/m-l-services.fr\/wp-content\/uploads\/2025\/09\/Gerbeur-Vendu-228x300.jpg\" class=\"attachment-medium size-medium wp-post-image\" alt=\"\" style=\"\" srcset=\"https:\/\/m-l-services.fr\/wp-content\/uploads\/2025\/09\/Gerbeur-Vendu-228x300.jpg 228w, https:\/\/m-l-services.fr\/wp-content\/uploads\/2025\/09\/Gerbeur-Vendu.jpg 675w\" sizes=\"auto, (max-width: 228px) 100vw, 228px\" \/><\/div><a class=\"wp-block-latest-posts__post-title\" href=\"https:\/\/m-l-services.fr\/index.php\/2025\/03\/30\/gerbeur-manitou-es312fr\/\">\ud83d\udce2 VENDU &#8211; Gerbeur MANITOU 1.2t<\/a><\/li>\n<li><div class=\"wp-block-latest-posts__featured-image\"><img loading=\"lazy\" decoding=\"async\" width=\"300\" height=\"225\" src=\"https:\/\/m-l-services.fr\/wp-content\/uploads\/2025\/03\/IMG_3082-300x225.jpg\" class=\"attachment-medium size-medium wp-post-image\" alt=\"\" style=\"\" srcset=\"https:\/\/m-l-services.fr\/wp-content\/uploads\/2025\/03\/IMG_3082-300x225.jpg 300w, https:\/\/m-l-services.fr\/wp-content\/uploads\/2025\/03\/IMG_3082-1024x768.jpg 1024w, https:\/\/m-l-services.fr\/wp-content\/uploads\/2025\/03\/IMG_3082-768x576.jpg 768w, https:\/\/m-l-services.fr\/wp-content\/uploads\/2025\/03\/IMG_3082-1536x1152.jpg 1536w, https:\/\/m-l-services.fr\/wp-content\/uploads\/2025\/03\/IMG_3082-2048x1536.jpg 2048w\" sizes=\"auto, (max-width: 300px) 100vw, 300px\" \/><\/div><a class=\"wp-block-latest-posts__post-title\" href=\"https:\/\/m-l-services.fr\/index.php\/2025\/03\/30\/chariot-elevateur-toyota-1-5t\/\">Chariot \u00e9l\u00e9vateur TOYOTA 1.5t<\/a><\/li>\n<\/ul><\/div><\/div>\n","protected":false},"excerpt":{"rendered":"","protected":false},"author":2,"featured_media":0,"parent":287,"menu_order":0,"comment_status":"closed","ping_status":"closed","template":"","meta":{"footnotes":""},"class_list":["post-257","page","type-page","status-publish","hentry"],"yoast_head":"<!-- This site is optimized with the Yoast SEO plugin v22.8 - https:\/\/yoast.com\/wordpress\/plugins\/seo\/ -->\n<title>Mat\u00e9riel Occasion - MLServices<\/title>\n<meta name=\"robots\" content=\"index, follow, max-snippet:-1, max-image-preview:large, max-video-preview:-1\" \/>\n<link rel=\"canonical\" href=\"https:\/\/m-l-services.fr\/index.php\/vente-de-materiel\/materiel-occasion\/\" \/>\n<meta property=\"og:locale\" content=\"en_US\" \/>\n<meta property=\"og:type\" content=\"article\" \/>\n<meta property=\"og:title\" content=\"Mat\u00e9riel Occasion - MLServices\" \/>\n<meta property=\"og:url\" content=\"https:\/\/m-l-services.fr\/index.php\/vente-de-materiel\/materiel-occasion\/\" \/>\n<meta property=\"og:site_name\" content=\"MLServices\" \/>\n<meta property=\"article:modified_time\" content=\"2025-07-11T13:41:05+00:00\" \/>\n<meta name=\"twitter:card\" content=\"summary_large_image\" \/>\n<script type=\"application\/ld+json\" class=\"yoast-schema-graph\">{\"@context\":\"https:\/\/schema.org\",\"@graph\":[{\"@type\":\"WebPage\",\"@id\":\"https:\/\/m-l-services.fr\/index.php\/vente-de-materiel\/materiel-occasion\/\",\"url\":\"https:\/\/m-l-services.fr\/index.php\/vente-de-materiel\/materiel-occasion\/\",\"name\":\"Mat\u00e9riel Occasion - MLServices\",\"isPartOf\":{\"@id\":\"http:\/\/m-l-services.fr\/#website\"},\"datePublished\":\"2025-03-30T14:18:14+00:00\",\"dateModified\":\"2025-07-11T13:41:05+00:00\",\"breadcrumb\":{\"@id\":\"https:\/\/m-l-services.fr\/index.php\/vente-de-materiel\/materiel-occasion\/#breadcrumb\"},\"inLanguage\":\"en-US\",\"potentialAction\":[{\"@type\":\"ReadAction\",\"target\":[\"https:\/\/m-l-services.fr\/index.php\/vente-de-materiel\/materiel-occasion\/\"]}]},{\"@type\":\"BreadcrumbList\",\"@id\":\"https:\/\/m-l-services.fr\/index.php\/vente-de-materiel\/materiel-occasion\/#breadcrumb\",\"itemListElement\":[{\"@type\":\"ListItem\",\"position\":1,\"name\":\"Accueil\",\"item\":\"https:\/\/m-l-services.fr\/\"},{\"@type\":\"ListItem\",\"position\":2,\"name\":\"Vente de mat\u00e9riel\",\"item\":\"https:\/\/m-l-services.fr\/index.php\/vente-de-materiel\/\"},{\"@type\":\"ListItem\",\"position\":3,\"name\":\"Mat\u00e9riel Occasion\"}]},{\"@type\":\"WebSite\",\"@id\":\"http:\/\/m-l-services.fr\/#website\",\"url\":\"http:\/\/m-l-services.fr\/\",\"name\":\"MLServices\",\"description\":\"R\u00e9activit\u00e9 assur\u00e9e, services ma\u00eetris\u00e9s\",\"publisher\":{\"@id\":\"http:\/\/m-l-services.fr\/#organization\"},\"potentialAction\":[{\"@type\":\"SearchAction\",\"target\":{\"@type\":\"EntryPoint\",\"urlTemplate\":\"http:\/\/m-l-services.fr\/?s={search_term_string}\"},\"query-input\":\"required name=search_term_string\"}],\"inLanguage\":\"en-US\"},{\"@type\":\"Organization\",\"@id\":\"http:\/\/m-l-services.fr\/#organization\",\"name\":\"MLServices\",\"url\":\"http:\/\/m-l-services.fr\/\",\"logo\":{\"@type\":\"ImageObject\",\"inLanguage\":\"en-US\",\"@id\":\"http:\/\/m-l-services.fr\/#\/schema\/logo\/image\/\",\"url\":\"https:\/\/m-l-services.fr\/wp-content\/uploads\/2024\/01\/cropped-cropped-ML-SERVICES.png\",\"contentUrl\":\"https:\/\/m-l-services.fr\/wp-content\/uploads\/2024\/01\/cropped-cropped-ML-SERVICES.png\",\"width\":240,\"height\":240,\"caption\":\"MLServices\"},\"image\":{\"@id\":\"http:\/\/m-l-services.fr\/#\/schema\/logo\/image\/\"}}]}<\/script>\n<!-- \/ Yoast SEO plugin. -->","yoast_head_json":{"title":"Mat\u00e9riel Occasion - MLServices","robots":{"index":"index","follow":"follow","max-snippet":"max-snippet:-1","max-image-preview":"max-image-preview:large","max-video-preview":"max-video-preview:-1"},"canonical":"https:\/\/m-l-services.fr\/index.php\/vente-de-materiel\/materiel-occasion\/","og_locale":"en_US","og_type":"article","og_title":"Mat\u00e9riel Occasion - MLServices","og_url":"https:\/\/m-l-services.fr\/index.php\/vente-de-materiel\/materiel-occasion\/","og_site_name":"MLServices","article_modified_time":"2025-07-11T13:41:05+00:00","twitter_card":"summary_large_image","schema":{"@context":"https:\/\/schema.org","@graph":[{"@type":"WebPage","@id":"https:\/\/m-l-services.fr\/index.php\/vente-de-materiel\/materiel-occasion\/","url":"https:\/\/m-l-services.fr\/index.php\/vente-de-materiel\/materiel-occasion\/","name":"Mat\u00e9riel Occasion - MLServices","isPartOf":{"@id":"http:\/\/m-l-services.fr\/#website"},"datePublished":"2025-03-30T14:18:14+00:00","dateModified":"2025-07-11T13:41:05+00:00","breadcrumb":{"@id":"https:\/\/m-l-services.fr\/index.php\/vente-de-materiel\/materiel-occasion\/#breadcrumb"},"inLanguage":"en-US","potentialAction":[{"@type":"ReadAction","target":["https:\/\/m-l-services.fr\/index.php\/vente-de-materiel\/materiel-occasion\/"]}]},{"@type":"BreadcrumbList","@id":"https:\/\/m-l-services.fr\/index.php\/vente-de-materiel\/materiel-occasion\/#breadcrumb","itemListElement":[{"@type":"ListItem","position":1,"name":"Accueil","item":"https:\/\/m-l-services.fr\/"},{"@type":"ListItem","position":2,"name":"Vente de mat\u00e9riel","item":"https:\/\/m-l-services.fr\/index.php\/vente-de-materiel\/"},{"@type":"ListItem","position":3,"name":"Mat\u00e9riel Occasion"}]},{"@type":"WebSite","@id":"http:\/\/m-l-services.fr\/#website","url":"http:\/\/m-l-services.fr\/","name":"MLServices","description":"R\u00e9activit\u00e9 assur\u00e9e, services ma\u00eetris\u00e9s","publisher":{"@id":"http:\/\/m-l-services.fr\/#organization"},"potentialAction":[{"@type":"SearchAction","target":{"@type":"EntryPoint","urlTemplate":"http:\/\/m-l-services.fr\/?s={search_term_string}"},"query-input":"required name=search_term_string"}],"inLanguage":"en-US"},{"@type":"Organization","@id":"http:\/\/m-l-services.fr\/#organization","name":"MLServices","url":"http:\/\/m-l-services.fr\/","logo":{"@type":"ImageObject","inLanguage":"en-US","@id":"http:\/\/m-l-services.fr\/#\/schema\/logo\/image\/","url":"https:\/\/m-l-services.fr\/wp-content\/uploads\/2024\/01\/cropped-cropped-ML-SERVICES.png","contentUrl":"https:\/\/m-l-services.fr\/wp-content\/uploads\/2024\/01\/cropped-cropped-ML-SERVICES.png","width":240,"height":240,"caption":"MLServices"},"image":{"@id":"http:\/\/m-l-services.fr\/#\/schema\/logo\/image\/"}}]}},"_links":{"self":[{"href":"https:\/\/m-l-services.fr\/index.php\/wp-json\/wp\/v2\/pages\/257","targetHints":{"allow":["GET"]}}],"collection":[{"href":"https:\/\/m-l-services.fr\/index.php\/wp-json\/wp\/v2\/pages"}],"about":[{"href":"https:\/\/m-l-services.fr\/index.php\/wp-json\/wp\/v2\/types\/page"}],"author":[{"embeddable":true,"href":"https:\/\/m-l-services.fr\/index.php\/wp-json\/wp\/v2\/users\/2"}],"replies":[{"embeddable":true,"href":"https:\/\/m-l-services.fr\/index.php\/wp-json\/wp\/v2\/comments?post=257"}],"version-history":[{"count":12,"href":"https:\/\/m-l-services.fr\/index.php\/wp-json\/wp\/v2\/pages\/257\/revisions"}],"predecessor-version":[{"id":312,"href":"https:\/\/m-l-services.fr\/index.php\/wp-json\/wp\/v2\/pages\/257\/revisions\/312"}],"up":[{"embeddable":true,"href":"https:\/\/m-l-services.fr\/index.php\/wp-json\/wp\/v2\/pages\/287"}],"wp:attachment":[{"href":"https:\/\/m-l-services.fr\/index.php\/wp-json\/wp\/v2\/media?parent=257"}],"curies":[{"name":"wp","href":"https:\/\/api.w.org\/{rel}","templated":true}]}}